{"id":4806,"date":"2023-11-29T12:12:03","date_gmt":"2023-11-29T10:12:03","guid":{"rendered":"https:\/\/panmilar.ch\/politique-de-confidentialite\/"},"modified":"2025-03-18T16:14:39","modified_gmt":"2025-03-18T14:14:39","slug":"politique-de-confidentialite","status":"publish","type":"page","link":"https:\/\/panmilar.ch\/uk\/politique-de-confidentialite\/","title":{"rendered":"Politique de confidentialit\u00e9"},"content":{"rendered":"<p>[et_pb_section fb_built=&#8221;1&#8243; _builder_version=&#8221;4.19.1&#8243; _module_preset=&#8221;default&#8221; da_disable_devices=&#8221;off|off|off&#8221; border_width_top=&#8221;1px&#8221; border_color_top=&#8221;rgba(0,0,0,0.17)&#8221; global_colors_info=&#8221;{}&#8221; da_is_popup=&#8221;off&#8221; da_exit_intent=&#8221;off&#8221; da_has_close=&#8221;on&#8221; da_alt_close=&#8221;off&#8221; da_dark_close=&#8221;off&#8221; da_not_modal=&#8221;on&#8221; da_is_singular=&#8221;off&#8221; da_with_loader=&#8221;off&#8221; da_has_shadow=&#8221;on&#8221;][et_pb_row _builder_version=&#8221;4.18.0&#8243; _module_preset=&#8221;default&#8221; custom_padding=&#8221;27px|||||&#8221; global_colors_info=&#8221;{}&#8221;][et_pb_column type=&#8221;4_4&#8243; _builder_version=&#8221;4.18.0&#8243; _module_preset=&#8221;default&#8221; global_colors_info=&#8221;{}&#8221;][et_pb_text _builder_version=&#8221;4.23&#8243; _module_preset=&#8221;default&#8221; global_colors_info=&#8221;{}&#8221;]<\/p>\n<h1>POLITIQUE DE CONFIDENTIALITE \ud83d\udd10<\/h1>\n<p>[\/et_pb_text][et_pb_text _builder_version=&#8221;4.24.0&#8243; _module_preset=&#8221;default&#8221; text_font=&#8221;||||||||&#8221; custom_margin=&#8221;||72px|||&#8221; custom_padding=&#8221;0px|||||&#8221; global_colors_info=&#8221;{}&#8221;]<\/p>\n<div class=\"page__content\">\n<p>L&#8217;Assocation Panmilar , rue Pr\u00e9-du-March\u00e9 23, 1004 Lausanne est le responsable du traitement de vos donn\u00e9es personnelles collect\u00e9es dans le cadre de cette politique de confidentialit\u00e9.<\/p>\n<p>Nous respectons votre vie priv\u00e9e et nous nous engageons \u00e0 une transparence totale quant \u00e0 la mani\u00e8re dont nous collectons, utilisons et partageons vos donn\u00e9es personnelles.<\/p>\n<p>La pr\u00e9sente politique de confidentialit\u00e9 vous informe comment nous traitons les donn\u00e9es personnelles que nous recueillons aupr\u00e8s de vous, que vous nous fournissez ou que nous pouvons recueillir aupr\u00e8s d\u2019autres sources. Cela comprend les diff\u00e9rentes fa\u00e7ons dont vous interagissez avec nous, notamment en personne, par courriel ou par t\u00e9l\u00e9phone, par l\u2019interm\u00e9diaire d&#8217;un professionnel de la sant\u00e9 ou du domaine du social, de notre site web, ou encore de nos pages sur les r\u00e9seaux sociaux.<\/p>\n<p>Pour toute question aff\u00e9rente \u00e0 vos donn\u00e9es personnelles, vous pouvez nous contacter en tout temps par courriel \u00e0\u00a0<a href=\"mailto:secretariat@panmilar.ch\">secretariat@panmilar.ch.<\/a><\/p>\n<p>Cette politique de confidentialit\u00e9 a pour objectif :<\/p>\n<ul>\n<li>de lister les donn\u00e9es personnelles que nous collectons aupr\u00e8s de vous\u00a0;<\/li>\n<li>d\u2019expliquer la finalit\u00e9 du traitement de ces donn\u00e9es\u00a0et de pr\u00e9ciser sur quelles bases l\u00e9gales nous traitons ces donn\u00e9es\u00a0;<\/li>\n<li>d\u2019identifier avec qui ces donn\u00e9es sont partag\u00e9es\u00a0;<\/li>\n<li>d\u2019\u00e9noncer les mesures de s\u00e9curit\u00e9 que nous prenons en lien avec ces donn\u00e9es\u00a0;<\/li>\n<li>de vous informer de vos droits en ce qui concerne vos donn\u00e9es personnelles et de la mani\u00e8re dont vous pouvez les exercer<\/li>\n<\/ul>\n<p>En interagissant avec nous ou en nous communiquant vos donn\u00e9es personnelles, vous acceptez les r\u00e8gles d\u00e9crites dans cette politique de confidentialit\u00e9. Si vous n\u2019acceptez pas ces r\u00e8gles, veuillez ne pas utiliser ou visiter notre site web ni nous fournir vos donn\u00e9es personnelles.<\/p>\n<p>L&#8217;Association Panmilar se r\u00e9serve le droit d\u2019apporter des modifications \u00e0 cette politique de confidentialit\u00e9, qui seront effectives d\u00e8s leur publication sur notre site web. Veillez \u00e0 consulter notre site web r\u00e9guli\u00e8rement pour tout changement.<\/p>\n<p>&nbsp;<\/p>\n<p><span style=\"font-size: 33px; color: #333333; font-family: FuturaPTMedium, Helvetica, Arial, Lucida, sans-serif;\">Quelles donn\u00e9es personnelles collectons-nous ?<\/span><\/p>\n<p>Lorsque vous interagissez avec nous, par exemple via notre site web, nos comptes de m\u00e9dias sociaux, par courriel ou par t\u00e9l\u00e9phone, lorsque vous visitez nos locaux physiques ou lors d\u2019\u00e9v\u00e9nements, nous pouvons \u00eatre amen\u00e9s \u00e0 collecter vos donn\u00e9es personnelles.<\/p>\n<p>Nous ne collectons que les donn\u00e9es personnelles que vous nous communiquez, qui r\u00e9sultent de vos actions sur notre site web et\/ou dont nous avons besoin pour vous offrir ou am\u00e9liorer notre offre de services, ou encore sur la base d\u2019un autre int\u00e9r\u00eat l\u00e9gitime :<\/p>\n<ul>\n<li><b>Informations de contact et d\u2019identification\u00a0<\/b>telles que nom, pr\u00e9nom, adresse physique et\/ou \u00e9lectronique, num\u00e9ro de t\u00e9l\u00e9phone, terme de grossesse, pays d&#8217;origine, langue parl\u00e9e, employeur, poste occup\u00e9 dans l\u2019entreprise et\/ou section de l\u2019entreprise, ainsi que des m\u00e9tadonn\u00e9es de communication telles que votre adresse IP, la signature temporelle et, \u00e9ventuellement, des informations sur votre localisation g\u00e9ographique ;<\/li>\n<li><b>Informations d\u2019identification<\/b>, telles que nom d\u2019utilisateur, ID du compte, ainsi qu\u2019<b>informations d\u2019authentification<\/b>, telles que mots de passe et r\u00e9ponses aux questions de s\u00e9curit\u00e9. Si vous vous connectez \u00e0 notre site web en utilisant vos comptes de m\u00e9dias sociaux, nous pouvons \u00e9galement recueillir des informations d\u2019identification et d\u2019authentification pour ces comptes.<\/li>\n<li><b>Informations transactionnelles,\u00a0<\/b>telles que les d\u00e9tails de paiement (par exemple, les num\u00e9ros de carte de cr\u00e9dit ou de compte bancaire) et l\u2019adresse de facturation\u00a0;<\/li>\n<li><b>Informations concernant vos pr\u00e9f\u00e9rences de produits, ainsi que votre langue,\u00a0<\/b>de mani\u00e8re facultative si vous vous abonnez \u00e0 l\u2019un de nos canaux de communication ou de marketing (par ex. Newsletter);<b>\u00a0<\/b><\/li>\n<li><b>Informations issues de vos comptes de m\u00e9dias sociaux<\/b>, tels que profils, photos, vid\u00e9os, stories, commentaires et autres contenus g\u00e9n\u00e9r\u00e9s par vous o\u00f9 nos marques et\/ou services sont mentionn\u00e9s ou apparaissent, lorsque vous autorisez un r\u00e9seau social tiers \u00e0 partager vos donn\u00e9es personnelles avec nous ou lorsque vous utilisez une fonctionnalit\u00e9\u0301 d\u2019un r\u00e9seau social qui est int\u00e9gr\u00e9e \u00e0 l\u2019un de notre site web\u00a0;<\/li>\n<li><b>Informations professionnelles\u00a0<\/b>si vous r\u00e9pondez \u00e0 une offre d\u2019emploi ou envoyez une candidature spontan\u00e9e, telles que les exp\u00e9riences professionnelles pr\u00e9c\u00e9dentes, les \u00e9tablissements \u00e9ducatifs fr\u00e9quent\u00e9s, les r\u00e9f\u00e9rences ou les certifications\u00a0;<\/li>\n<li><b>Informations de s\u00e9curit\u00e9<\/b>, telles que photos ou vid\u00e9os de vous<b>\u00a0<\/b>prises lors de vos visites \u00e0 nos locaux, capt\u00e9es par nos cam\u00e9ras de s\u00e9curit\u00e9.<\/li>\n<\/ul>\n<p>Nous utilisons aussi des cookies et autres technologies de suivi (par ex. pixels, balises web et APIs) qui collectent certains types d\u2019informations lorsque vous interagissez avec nous sur notre site web ou via nos pages de m\u00e9dias sociaux, tels que l\u2019adresses IP, la localisation, les appareils ou pr\u00e9f\u00e9rences de navigation, le syst\u00e8me d\u2019exploitation, la source, la dur\u00e9e de la visite, les pages consult\u00e9es, etc. Pour de plus amples renseignements, veuillez consulter notre\u00a0<a href=\"https:\/\/panmilar.ch\/uk\/notice-sur-les-cookies\/\">notice sur les cookies<\/a>.<\/p>\n<p>Nous pouvons \u00e9galement recueillir des donn\u00e9es personnelles provenant notamment d\u2019agr\u00e9gateurs de donn\u00e9es de tiers (par ex. Google), partenaires promotionnels, sources publiques et plateformes de r\u00e9seaux sociaux. Ces informations peuvent inclure des donn\u00e9es personnelles de votre profil sur un r\u00e9seau social et dont vous autorisez ce r\u00e9seau \u00e0 nous communiquer conform\u00e9ment \u00e0 leurs r\u00e8gles.<\/p>\n<p>&nbsp;<\/p>\n<p><span style=\"color: #333333; font-family: FuturaPTMedium, Helvetica, Arial, Lucida, sans-serif; font-size: 33px;\">Pourquoi collectons-nous vos donn\u00e9es personnelles et sur quelle base l\u00e9gale ?<\/span><\/p>\n<p>Nous collectons et utilisons vos donn\u00e9es personnelles afin :<\/p>\n<ul>\n<li>de vous fournir notre offre de services ;<\/li>\n<li>d\u2019effectuer des transactions commerciales avec vous lors de vos commandes;<\/li>\n<li>de vous offrir des services de marketing et de communication pertinents en lien avec vos besoins et pr\u00e9f\u00e9rences ;<\/li>\n<li>de r\u00e9pondre \u00e0 vos questions et\/ou g\u00e9rer votre participation \u00e0 un concours ou un \u00e9v\u00e9nement que nous organisons;<\/li>\n<li>d\u2019optimiser votre exp\u00e9rience d\u2019utilisateur\/trice sur notre site web\u00a0;<\/li>\n<li>de r\u00e9pondre \u00e0 des demandes d\u2019emploi, non sollicit\u00e9es ou autres\u00a0;<\/li>\n<li>de garantir la s\u00e9curit\u00e9 et la maintenance de notre site web et la s\u00e9curit\u00e9 de notre personnel et de nos clients\u00a0;<\/li>\n<li>de conserver des traces de nos activit\u00e9s afin de nous conformer \u00e0 nos obligations financi\u00e8res ou juridiques.<\/li>\n<\/ul>\n<p>Nous traitons vos donn\u00e9es sur\u00a0<b>une base pr\u00e9contractuelle et\/ou contractuelle<\/b> lors de toutes vos interactions avec l&#8217;Association Panmilar li\u00e9es \u00e0 des commandes de nos produits, incluant vos prises de contact avec nous ou vos demandes de renseignement, ainsi que toutes transactions commerciales y attenantes. Nous traiterons vos donn\u00e9es personnelles sur la m\u00eame base si vous participez \u00e0 un concours organis\u00e9 par l&#8217;Association Panmilar, si vous r\u00e9pondez \u00e0 une offre d\u2019emploi ou si vous nous envoyez une candidature spontan\u00e9e ou si vous nous inscrivez pour obtenir nos services.<\/p>\n<p>Vous pouvez vous abonner \u00e0 nos communications et \u00e0 nos supports marketing, tels que notre Newsletter ou notre liste de mailing et, \u00e0 cet effet, vous avez \u00e9galement la possibilit\u00e9 de sp\u00e9cifier vos pr\u00e9f\u00e9rences de produits. Dans ce cas, nous vous demanderons explicitement\u00a0<b>votre consentement<\/b> pour traiter vos donn\u00e9es personnelles. Veuillez noter que vous pouvez exercer l\u2019option de vous d\u00e9sabonner ou de retirer votre consentement \u00e0 tout moment en utilisant l\u2019option \u201cse d\u00e9sabonner\u201d ou en nous contactant \u00e0\u00a0<a href=\"mailto:secretariat@panmilar.ch\">secretariat@panmilar.ch.<\/a> Pour les questions de consentement li\u00e9es aux cookies, veuillez consulter notre notice sur les cookies.<\/p>\n<p>Il se peut de plus que nous vous informions de nouveaux services diff\u00e9rents de ceux que vous avez demand\u00e9s, mais adjacents, qui peuvent s\u2019av\u00e9rer utiles et avantageux pour vous. Dans ce cas, il est dans <b>l\u2019int\u00e9r\u00eat l\u00e9gitime\u00a0<\/b>de notre association, mais \u00e9galement du v\u00f4tre, que nous traitions vos informations de contact, vos pr\u00e9f\u00e9rences et int\u00e9r\u00eats, ainsi que des informations transactionnelles telles que l\u2019historique de vos achats. Veuillez noter que dans ce cas, vous avez le droit d\u2019objecter au traitement en nous contactant \u00e0 <a href=\"mailto:secretariat@panmilar.ch\">secretariat@panmilar.ch<\/a>. Il est \u00e9galement dans notre int\u00e9r\u00eat l\u00e9gitime de traiter certaines de vos informations pour garantir la s\u00e9curit\u00e9 de nos locaux, de nos syst\u00e8mes informatiques, ainsi que de notre personnel et de nos clients.<\/p>\n<p>Enfin, nous avons des\u00a0<b>obligations l\u00e9gales<\/b>\u00a0en vertu du droit national et international. Afin de remplir nos obligations, nous traitons vos donn\u00e9es personnelles \u00e0 des fins de conformit\u00e9, afin de nous conformer \u00e0 nos obligations financi\u00e8res ou juridiques.<\/p>\n<h2><\/h2>\n<p>&nbsp;<\/p>\n<h4><\/h4>\n<p><span style=\"color: #333333; font-family: FuturaPTMedium, Helvetica, Arial, Lucida, sans-serif; font-size: 33px;\">Avec qui partageons-nous vos donn\u00e9es personnelles ?<\/span><\/p>\n<p>Nous ne vendons pas vos donn\u00e9es personnelles.<\/p>\n<p>Il est possible que nous partagions vos donn\u00e9es personnelles avec certains de nos fournisseurs de services (par ex. notre soci\u00e9t\u00e9 d\u2019h\u00e9bergement informatique, le centre d\u2019appels et le service de paiement par carte de cr\u00e9dit, le prestataire de mailings de confirmation des commandes), avec des professionnels de la sant\u00e9 ou du domaine du social, interpr\u00e8tes communautaires, etc., avec des partenaires commerciaux ou des agences de marketing et de communication (par ex. services d\u2019\u00e9dition et de distribution de la Newsletter), ou avec des autorit\u00e9s.<\/p>\n<p>Nous exigeons de ces tiers, s\u2019ils sont bas\u00e9s hors Suisse, de respecter toutes les lois relatives aux donn\u00e9es personnelles.<\/p>\n<p>Il se peut aussi que nous utilisions des plugins sur notre site web, renvoyant \u00e0 des plateformes de m\u00e9dias sociaux. L\u2019utilisation par la plateforme tierce des informations recueillies aupr\u00e8s de vous (ou telles qu\u2019autoris\u00e9es par vous) est r\u00e9gie par sa propre politique de confidentialit\u00e9 et vos param\u00e8tres sur le service. Si vous ne souhaitez pas qu\u2019un site de r\u00e9seau social tiers attribue les donn\u00e9es collect\u00e9es par l\u2019interm\u00e9diaire de notre site web \u00e0 votre compte sur ce r\u00e9seau social, vous devez vous d\u00e9connecter du site du r\u00e9seau social concern\u00e9 avant de visiter notre site web.<\/p>\n<p>&nbsp;<\/p>\n<h4>Comment vos donn\u00e9es personnelles sont-elles stock\u00e9es, s\u00e9curis\u00e9es et conserv\u00e9es ?<\/h4>\n<p>Nous prenons toutes les pr\u00e9cautions techniques et organisationnelles raisonnables pour s\u00e9curiser vos donn\u00e9es personnelles contre toute perte, acc\u00e8s non-autoris\u00e9 et autre violation. Ces donn\u00e9es ne seront pas partag\u00e9es avec des tiers, sauf dans les cas pr\u00e9vus dans cette politique de confidentialit\u00e9.<\/p>\n<p>Lorsque les informations personnelles que nous recueillons ne sont plus requises pour une finalit\u00e9 donn\u00e9e ou sur la base d\u2019une exigence l\u00e9gale, nous les d\u00e9truisons ou les anonymisons.<\/p>\n<p>Nous nous engageons \u00e9galement \u00e0 ne pas conserver vos donn\u00e9es personnelles si vous deviez ne montrer aucun int\u00e9r\u00eat pour nos services pendant une p\u00e9riode d\u00e9finie apr\u00e8s la fin de votre derni\u00e8re prise de contact avec nous. Nous conservons les donn\u00e9es pour une dur\u00e9e de 2 ans.\u00a0<\/p>\n<h4><\/h4>\n<h4>Vos droits &#8211; Comment acc\u00e9dez \u00e0 vos donn\u00e9es personnelles et les rectifier ?<\/h4>\n<p>Vous pouvez exercer vos droits en nous contactant simplement \u00e0 <a href=\"mailto:secretariat@panmilar.ch\">secretariat@panmilar.ch<\/a>.<\/p>\n<p>Vous pouvez demander l\u2019acc\u00e8s \u00e0 vos donn\u00e9es personnelles, ainsi que les corriger ou les mettre \u00e0 jour.<\/p>\n<p>Si le traitement est bas\u00e9 sur votre consentement, vous avez le droit de le retirer en tout temps. Vous pouvez d\u2019ailleurs vous d\u00e9sabonner de notre Newsletter pour ne plus recevoir de communications marketing de notre part en utilisant l\u2019option \u201cse d\u00e9sabonner\u201d ou en nous contactant \u00e0 <a href=\"mailto:secretariat@panmilar.ch\">secretariat@panmilar.ch<\/a>.<\/p>\n<p>Si le traitement est bas\u00e9 sur l\u2019int\u00e9r\u00eat l\u00e9gitime, vous avez le droit d\u2019objecter au traitement.<\/p>\n<p>Pour nous aider \u00e0 traiter votre demande, veuillez nous fournir vos coordonn\u00e9es compl\u00e8tes, afin que nous puissions vous identifier de mani\u00e8re s\u00e9cure.<\/p>\n<p>Vous pouvez \u00e9galement limiter l\u2019utilisation des technologies de suivi, tels que les cookies, en configurant votre navigateur pour qu\u2019il vous avertisse avant de les accepter, ou vous pouvez simplement le configurer pour les refuser.<\/p>\n<p>Dans le cas o\u00f9 vous estimeriez que nous ne respectons pas vos droits ou nos obligations, vous pourrez directement effectuer une r\u00e9clamation aupr\u00e8s des autorit\u00e9s de protection des donn\u00e9es en Suisse.<\/p>\n<p>La politique de confidentialit\u00e9 et toutes questions en d\u00e9coulant ou li\u00e9es \u00e0 celle-ci sont r\u00e9gies par le droit suisse. Vous acceptez la comp\u00e9tence exclusive des tribunaux du si\u00e8ge de l&#8217;Association Panmilar.<\/p>\n<p>Association Panmilar &#8211; novembre 2023.<\/p>\n<\/div>\n<p>[\/et_pb_text][et_pb_text _builder_version=&#8221;4.23.1&#8243; _module_preset=&#8221;default&#8221; global_colors_info=&#8221;{}&#8221;]<\/p>\n<h3>Annexe 1 &#8211; Tracking cookies<\/h3>\n<div aria-colindex=\"2\" aria-rowindex=\"1\" role=\"columnheader\" class=\"dvmd_table_maker_item_0 dvmd_tm_tcell dvmd_tm_rhead dvmd_tm_col_0 dvmd_tm_row_1 dvmd_tm_col_first dvmd_tm_col_odd dvmd_tm_row_even \">\n<div class=\"dvmd_tm_cdata\">Google Analytics, <span><span>Website-Analytik, Google Inc., <\/span><\/span>1600 Amphitheatre Parkway, Mountain View, CA 94043, USA, <a href=\"https:\/\/policies.google.com\/privacy?hl=fr\" target=\"_blank\" rel=\"noopener\">Politique de confidentialit\u00e9<\/a>, <a href=\"https:\/\/myadcenter.google.com\/home?hl=fr&amp;sasb=true&amp;ref=ad-settings\" target=\"_blank\" rel=\"noopener\">Opt-out<\/a><\/div>\n<div class=\"dvmd_tm_cdata\">\n<p><span><span>Google Dynamic Remarketing, Marketing<\/span><\/span><span style=\"font-size: 14px;\">, Google Inc., <\/span><span style=\"font-size: 14px;\">1600 Amphitheatre Parkway, Mountain View, CA 94043, USA, <\/span><a href=\"https:\/\/policies.google.com\/privacy?hl=fr\" target=\"_blank\" rel=\"noopener\" style=\"font-size: 14px;\">Politique de confidentialit\u00e9<\/a><span style=\"font-size: 14px;\">, <\/span><a href=\"https:\/\/myadcenter.google.com\/home?hl=fr&amp;sasb=true&amp;ref=ad-settings\" target=\"_blank\" rel=\"noopener\" style=\"font-size: 14px;\">Opt-out<\/a><br \/>\nGoogle AdsConversion, <span>Marketing<\/span><span style=\"font-size: 14px;\">, Google Inc., <\/span><span style=\"font-size: 14px;\">1600 Amphitheatre Parkway, Mountain View, CA 94043, USA, <a href=\"https:\/\/policies.google.com\/privacy?hl=fr\" target=\"_blank\" rel=\"noopener\" style=\"font-size: 14px;\">Politique de confidentialit\u00e9<\/a><span style=\"font-size: 14px;\">, <\/span><a href=\"https:\/\/myadcenter.google.com\/home?hl=fr&amp;sasb=true&amp;ref=ad-settings\" target=\"_blank\" rel=\"noopener\" style=\"font-size: 14px;\">Opt-out<\/a><br \/>\nGoogle DoubleClick, <span>Marketing<\/span><span style=\"font-size: 14px;\">, Google Inc., <\/span><span style=\"font-size: 14px;\">1600 Amphitheatre Parkway, Mountain View, CA 94043, USA, <\/span><a href=\"https:\/\/policies.google.com\/privacy?hl=fr\" target=\"_blank\" rel=\"noopener\" style=\"font-size: 14px;\">Politique de confidentialit\u00e9<\/a><span style=\"font-size: 14px;\">, <\/span><a href=\"https:\/\/myadcenter.google.com\/home?hl=fr&amp;sasb=true&amp;ref=ad-settings\" target=\"_blank\" rel=\"noopener\" style=\"font-size: 14px;\">Opt-out<\/a><br \/>\nGoogle Tag Manager, Tracking, Google Inc., 1600 Amphitheatre Parkway, Mountain View, CA 94043, USA, <a href=\"https:\/\/policies.google.com\/privacy?hl=fr\" target=\"_blank\" rel=\"noopener\" style=\"font-size: 15px;\">Politique de confidentialit\u00e9<\/a><span style=\"font-size: 15px;\">, <\/span><a href=\"https:\/\/myadcenter.google.com\/home?hl=fr&amp;sasb=true&amp;ref=ad-settings\" target=\"_blank\" rel=\"noopener\" style=\"font-size: 15px;\">Opt-out<\/a><br \/>\nGoogle Maps, Outils cartographique, Google Inc., 1600 Amphitheatre Parkway, Mountain View, CA 94043, USA, <a href=\"https:\/\/policies.google.com\/privacy?hl=fr\" target=\"_blank\" rel=\"noopener\">Politique de confidentialit\u00e9<\/a>, <a href=\"https:\/\/myadcenter.google.com\/home?hl=fr&amp;sasb=true&amp;ref=ad-settings\" target=\"_blank\" rel=\"noopener\">Opt-out<\/a><br \/>\nGoogle Recaptcha, Outil anti-bot (S\u00e9curit\u00e9), Google Inc., 1600 Amphitheatre Parkway, Mountain View, CA 94043, USA, <a href=\"https:\/\/policies.google.com\/privacy?hl=fr\" target=\"_blank\" rel=\"noopener\">Politique de confidentialit\u00e9<\/a>, <a href=\"https:\/\/myadcenter.google.com\/home?hl=fr&amp;sasb=true&amp;ref=ad-settings\" target=\"_blank\" rel=\"noopener\">Opt-out<\/a><br \/>\nFacebook Pixel, Custon Audience et Conversion Event, Tracking, Facebook Inc., 1601 S. California Ave, Palo Alto, CA 94304, USA, <a href=\"https:\/\/www.facebook.com\/business\/gdpr\" target=\"_blank\" rel=\"noopener\">Politique de confidentialit\u00e9<\/a><br \/>\nLinkedIn Insight Tag, Tracking, LinkedIn Corp., Wilton Place, Dublin 2, Irland, <a href=\"https:\/\/www.linkedin.com\/help\/linkedin\/answer\/a1444756\/linkedin-marketing-solutions-und-die-datenschutz-grundverordnung-dsgvo-?lang=en-us&amp;intendedLocale=fr\" target=\"_blank\" rel=\"noopener\">Politique de confidentialit\u00e9<\/a>[\/et_pb_text][et_pb_text _builder_version=&#8221;4.23.1&#8243; _module_preset=&#8221;default&#8221; global_colors_info=&#8221;{}&#8221;]<\/p>\n<h3>Annexe 2 &#8211; Social plugins<\/h3>\n<div aria-colindex=\"2\" aria-rowindex=\"1\" role=\"columnheader\" class=\"dvmd_table_maker_item_0 dvmd_tm_tcell dvmd_tm_rhead dvmd_tm_col_0 dvmd_tm_row_1 dvmd_tm_col_first dvmd_tm_col_odd dvmd_tm_row_even \">\n<div class=\"dvmd_tm_cdata\"><span>Facebook plugin<\/span>, <span>Facebook Inc.<\/span><span>, 1601 S. California Ave, Palo Alto, CA 94304, USA<\/span>, <a href=\"https:\/\/www.facebook.com\/business\/gdpr\" target=\"_blank\" rel=\"noopener\">Politique de confidentialit\u00e9<\/a><\/div>\n<div class=\"dvmd_tm_cdata\"><\/div>\n<div class=\"dvmd_tm_cdata\"><span>Instagram plugin<\/span>, <span>Facebook Inc.<\/span><span>, 1601 S. California Ave, Palo Alto, CA 94304, USA<\/span>, <a href=\"https:\/\/www.facebook.com\/business\/gdpr\" target=\"_blank\" rel=\"noopener\">Politique de confidentialit\u00e9<\/a><\/div>\n<div class=\"dvmd_tm_cdata\"><\/div>\n<div class=\"dvmd_tm_cdata\"><span>Whatsapp plugin<\/span>, <span>Facebook Inc.<\/span><span>, 1600 Amphitheatre Parkway, Mountain View, CA 94043, USA<\/span>, <a href=\"https:\/\/www.facebook.com\/business\/gdpr\" target=\"_blank\" rel=\"noopener\">Politique de confidentialit\u00e9<\/a><\/div>\n<div class=\"dvmd_tm_cdata\"><\/div>\n<div class=\"dvmd_tm_cdata\"><span>Youtube plugin<\/span>, <span>Google Inc.<\/span><span>, 1601 S. California Ave, Palo Alto, CA 94304, USA<\/span>, <a href=\"https:\/\/policies.google.com\/privacy?hl=fr\" target=\"_blank\" rel=\"noopener\">Politique de confidentialit\u00e9<\/a>, <a href=\"https:\/\/myadcenter.google.com\/home?hl=fr&amp;sasb=true&amp;ref=ad-settings\" target=\"_blank\" rel=\"noopener\">Opt-out<\/a><\/div>\n<div class=\"dvmd_tm_cdata\"><\/div>\n<div class=\"dvmd_tm_cdata\"><span>LinkedIn plugin, LinkedIn Inc., Wilton Place, Dublin 2, Irland, <a href=\"https:\/\/www.linkedin.com\/help\/linkedin\/answer\/a1444756\/linkedin-marketing-solutions-und-die-datenschutz-grundverordnung-dsgvo-?lang=en-us&amp;intendedLocale=fr\" target=\"_blank\" rel=\"noopener\">Politique de confidentialit\u00e9<\/a><\/span><\/div>\n<\/div>\n<p>[\/et_pb_text][\/et_pb_column][\/et_pb_row][\/et_pb_section]<\/p>\n","protected":false},"excerpt":{"rendered":"<p>POLITIQUE DE CONFIDENTIALITE \ud83d\udd10 L&#8217;Assocation Panmilar , rue Pr\u00e9-du-March\u00e9 23, 1004 Lausanne est le responsable du traitement de vos donn\u00e9es personnelles collect\u00e9es dans le cadre de cette politique de confidentialit\u00e9. Nous respectons votre vie priv\u00e9e et nous nous engageons \u00e0 une transparence totale quant \u00e0 la mani\u00e8re dont nous collectons, utilisons et partageons vos donn\u00e9es personnelles. La pr\u00e9sente politique de confidentialit\u00e9 vous informe comment nous traitons les donn\u00e9es personnelles que nous recueillons aupr\u00e8s de vous, que vous nous fournissez ou que nous pouvons recueillir aupr\u00e8s d\u2019autres sources. Cela comprend les diff\u00e9rentes fa\u00e7ons dont vous interagissez avec nous, notamment en personne, par courriel ou par t\u00e9l\u00e9phone, par l\u2019interm\u00e9diaire d&#8217;un professionnel de la sant\u00e9 ou du domaine du social, de notre site web, ou encore de nos pages sur les r\u00e9seaux sociaux. Pour toute question aff\u00e9rente \u00e0 vos donn\u00e9es personnelles, vous pouvez nous contacter en tout temps par courriel \u00e0\u00a0secretariat@panmilar.ch. Cette politique de confidentialit\u00e9 a pour objectif : de lister les donn\u00e9es personnelles que nous collectons aupr\u00e8s de vous\u00a0; d\u2019expliquer la finalit\u00e9 du traitement de ces donn\u00e9es\u00a0et de pr\u00e9ciser sur quelles bases l\u00e9gales nous traitons ces donn\u00e9es\u00a0; d\u2019identifier avec qui ces donn\u00e9es sont partag\u00e9es\u00a0; d\u2019\u00e9noncer les mesures de s\u00e9curit\u00e9 que nous prenons [&hellip;]<\/p>\n","protected":false},"author":1,"featured_media":0,"parent":0,"menu_order":0,"comment_status":"closed","ping_status":"closed","template":"","meta":{"_seopress_robots_primary_cat":"","_seopress_titles_title":"","_seopress_titles_desc":"","_seopress_robots_index":"","_et_pb_use_builder":"on","_et_pb_old_content":"","_et_gb_content_width":"","footnotes":""},"class_list":["post-4806","page","type-page","status-publish","hentry"],"_links":{"self":[{"href":"https:\/\/panmilar.ch\/uk\/wp-json\/wp\/v2\/pages\/4806","targetHints":{"allow":["GET"]}}],"collection":[{"href":"https:\/\/panmilar.ch\/uk\/wp-json\/wp\/v2\/pages"}],"about":[{"href":"https:\/\/panmilar.ch\/uk\/wp-json\/wp\/v2\/types\/page"}],"author":[{"embeddable":true,"href":"https:\/\/panmilar.ch\/uk\/wp-json\/wp\/v2\/users\/1"}],"replies":[{"embeddable":true,"href":"https:\/\/panmilar.ch\/uk\/wp-json\/wp\/v2\/comments?post=4806"}],"version-history":[{"count":0,"href":"https:\/\/panmilar.ch\/uk\/wp-json\/wp\/v2\/pages\/4806\/revisions"}],"wp:attachment":[{"href":"https:\/\/panmilar.ch\/uk\/wp-json\/wp\/v2\/media?parent=4806"}],"curies":[{"name":"wp","href":"https:\/\/api.w.org\/{rel}","templated":true}]}}