{"id":2003,"date":"2023-05-23T14:43:31","date_gmt":"2023-05-23T12:43:31","guid":{"rendered":"https:\/\/panmilar.ch\/espace-pro\/"},"modified":"2026-02-10T17:50:36","modified_gmt":"2026-02-10T15:50:36","slug":"espace-pro","status":"publish","type":"page","link":"https:\/\/panmilar.ch\/ti\/espace-pro\/","title":{"rendered":"Espace pro"},"content":{"rendered":"<p>[et_pb_section fb_built=&#8221;1&#8243; _builder_version=&#8221;4.21.0&#8243; _module_preset=&#8221;default&#8221; custom_padding=&#8221;50px||50px||true|false&#8221; da_disable_devices=&#8221;off|off|off&#8221; global_colors_info=&#8221;{}&#8221; da_is_popup=&#8221;off&#8221; da_exit_intent=&#8221;off&#8221; da_has_close=&#8221;on&#8221; da_alt_close=&#8221;off&#8221; da_dark_close=&#8221;off&#8221; da_not_modal=&#8221;on&#8221; da_is_singular=&#8221;off&#8221; da_with_loader=&#8221;off&#8221; da_has_shadow=&#8221;on&#8221;][et_pb_row column_structure=&#8221;1_2,1_2&#8243; use_custom_gutter=&#8221;on&#8221; _builder_version=&#8221;4.21.0&#8243; _module_preset=&#8221;default&#8221; width=&#8221;100%&#8221; global_colors_info=&#8221;{}&#8221;][et_pb_column type=&#8221;1_2&#8243; _builder_version=&#8221;4.21.0&#8243; _module_preset=&#8221;default&#8221; global_colors_info=&#8221;{}&#8221;][et_pb_text _builder_version=&#8221;4.21.0&#8243; _module_preset=&#8221;default&#8221; header_2_text_color=&#8221;gcid-085b4e1e-4c3a-4d4d-85fb-8fdf36a8dac4&#8243; custom_margin=&#8221;||||false|false&#8221; global_colors_info=&#8221;{%22gcid-a61426d1-fc76-4fb6-aebc-1533ff11ce9c%22:%91%22text_text_color%22,%22header_3_text_color%22,%22header_4_text_color%22,%22link_text_color%22,%22text_text_color%22,%22header_3_text_color%22,%22header_4_text_color%22,%22link_text_color%22,%22text_text_color%22,%22header_3_text_color%22,%22header_4_text_color%22,%22link_text_color%22%93,%22gcid-085b4e1e-4c3a-4d4d-85fb-8fdf36a8dac4%22:%91%22header_text_color%22,%22quote_text_color%22,%22header_2_text_color%22%93}&#8221;]<\/p>\n<h1>Espace pro<\/h1>\n<h2>Panmilar en bref<\/h2>\n<p>Depuis sa fondation il y a plus de 20 ans, Panmilar a pour mission d\u2019accompagner les femmes enceintes et les familles issues de la migration dans une optique de lutte contre les in\u00e9galit\u00e9s sociales de sante\u0301. Cet axe, aujourd\u2019hui central dans le domaine de la sante\u0301 publique, est repris dans les strat\u00e9gies de sante\u0301 au niveau international, national et cantonal.<\/p>\n<p>Les prestations de Panmilar facilitent l\u2019acc\u00e8s aux prestations de sant\u00e9 et favorisent l\u2019int\u00e9gration. C\u2019est la raison pour laquelle l\u2019association est subventionn\u00e9e par la Direction g\u00e9n\u00e9rale de la Sant\u00e9 du canton de Vaud (DGS). Ses prestations de pr\u00e9paration \u00e0 la naissance (PANP) et de suivis post-partum (PP) sont reconnues par la LAMal.<\/p>\n<p>En 2022, un projet-pilote a \u00e9t\u00e9 mis sur pied &#8211; en collaboration avec le Groupement des sages-femmes ind\u00e9pendantes du canton de Vaud (GSFIVD) &#8211; afin que toute sage-femme ind\u00e9pendante puisse avoir acc\u00e8s \u00e0 de l\u2019interpr\u00e9tariat communautaire lors de suivis post-partum qui pourraient le n\u00e9cessiter.<\/p>\n<p>[\/et_pb_text][\/et_pb_column][et_pb_column type=&#8221;1_2&#8243; _builder_version=&#8221;4.21.0&#8243; _module_preset=&#8221;default&#8221; background_enable_color=&#8221;off&#8221; global_colors_info=&#8221;{%22gcid-72fd6cb6-d7c3-4b4f-953f-10241ae27226%22:%91%22background_color%22%93}&#8221;][et_pb_image src=&#8221;https:\/\/panmilar.ch\/wp-content\/uploads\/2023\/06\/espacepro_bebe_panmilar.webp&#8221; title_text=&#8221;espacepro_bebe_panmilar&#8221; _builder_version=&#8221;4.21.0&#8243; _module_preset=&#8221;default&#8221; position_origin_r=&#8221;bottom_right&#8221; vertical_offset=&#8221;0%&#8221; horizontal_offset=&#8221;35%&#8221; width=&#8221;100%&#8221; image_aspect_ratio=&#8221;1\/1&#8243; global_colors_info=&#8221;{}&#8221;][\/et_pb_image][\/et_pb_column][\/et_pb_row][\/et_pb_section][et_pb_section fb_built=&#8221;1&#8243; specialty=&#8221;on&#8221; _builder_version=&#8221;4.21.0&#8243; _module_preset=&#8221;default&#8221; background_color=&#8221;gcid-eac52835-9745-42a4-82c6-fabf6fdbc2c8&#8243; da_disable_devices=&#8221;off|off|off&#8221; global_colors_info=&#8221;{%22gcid-eac52835-9745-42a4-82c6-fabf6fdbc2c8%22:%91%22background_color%22%93}&#8221; da_is_popup=&#8221;off&#8221; da_exit_intent=&#8221;off&#8221; da_has_close=&#8221;on&#8221; da_alt_close=&#8221;off&#8221; da_dark_close=&#8221;off&#8221; da_not_modal=&#8221;on&#8221; da_is_singular=&#8221;off&#8221; da_with_loader=&#8221;off&#8221; da_has_shadow=&#8221;on&#8221;][et_pb_column type=&#8221;1_3&#8243; _builder_version=&#8221;4.16&#8243; custom_padding=&#8221;|||&#8221; global_colors_info=&#8221;{}&#8221; custom_padding__hover=&#8221;|||&#8221;][et_pb_image src=&#8221;https:\/\/panmilar.ch\/wp-content\/uploads\/2023\/06\/offres_litterature_panmilar.webp&#8221; title_text=&#8221;offres_litte\u0301rature_panmilar&#8221; _builder_version=&#8221;4.21.0&#8243; _module_preset=&#8221;default&#8221; image_aspect_ratio=&#8221;3\/4&#8243; global_colors_info=&#8221;{}&#8221;][\/et_pb_image][\/et_pb_column][et_pb_column type=&#8221;2_3&#8243; specialty_columns=&#8221;2&#8243; _builder_version=&#8221;4.16&#8243; custom_padding=&#8221;|||&#8221; global_colors_info=&#8221;{}&#8221; custom_padding__hover=&#8221;|||&#8221;][et_pb_row_inner _builder_version=&#8221;4.21.0&#8243; _module_preset=&#8221;default&#8221; custom_margin=&#8221;0px||0px||true|false&#8221; custom_padding=&#8221;0px||0px||true|false&#8221; global_colors_info=&#8221;{}&#8221;][et_pb_column_inner saved_specialty_column_type=&#8221;2_3&#8243; _builder_version=&#8221;4.21.0&#8243; _module_preset=&#8221;default&#8221; global_colors_info=&#8221;{}&#8221;][et_pb_text _builder_version=&#8221;4.21.0&#8243; _module_preset=&#8221;default&#8221; text_text_color=&#8221;gcid-366890a0-33c4-45f2-8623-961d3eeee12a&#8221; header_2_text_color=&#8221;gcid-366890a0-33c4-45f2-8623-961d3eeee12a&#8221; custom_margin=&#8221;30px|||||&#8221; custom_padding=&#8221;||0px|||&#8221; global_colors_info=&#8221;{%22gcid-a61426d1-fc76-4fb6-aebc-1533ff11ce9c%22:%91%22text_text_color%22,%22header_3_text_color%22,%22header_4_text_color%22,%22link_text_color%22,%22header_3_text_color%22,%22header_4_text_color%22,%22link_text_color%22%93,%22gcid-085b4e1e-4c3a-4d4d-85fb-8fdf36a8dac4%22:%91%22header_text_color%22,%22quote_text_color%22,%22header_text_color%22,%22quote_text_color%22%93,%22gcid-366890a0-33c4-45f2-8623-961d3eeee12a%22:%91%22text_text_color%22,%22header_2_text_color%22%93}&#8221;]<\/p>\n<h2>Partenaires<\/h2>\n<p>[\/et_pb_text][\/et_pb_column_inner][\/et_pb_row_inner][et_pb_row_inner column_structure=&#8221;1_2,1_2&#8243; _builder_version=&#8221;4.21.0&#8243; _module_preset=&#8221;default&#8221; custom_padding=&#8221;0px||0px||false|false&#8221; global_colors_info=&#8221;{}&#8221;][et_pb_column_inner type=&#8221;1_2&#8243; saved_specialty_column_type=&#8221;2_3&#8243; _builder_version=&#8221;4.21.0&#8243; _module_preset=&#8221;default&#8221; global_colors_info=&#8221;{}&#8221;][et_pb_text _builder_version=&#8221;4.21.0&#8243; _module_preset=&#8221;default&#8221; text_text_color=&#8221;gcid-366890a0-33c4-45f2-8623-961d3eeee12a&#8221; header_2_text_color=&#8221;gcid-366890a0-33c4-45f2-8623-961d3eeee12a&#8221; custom_margin=&#8221;||||false|false&#8221; custom_padding=&#8221;0px||0px||false|false&#8221; global_colors_info=&#8221;{%22gcid-a61426d1-fc76-4fb6-aebc-1533ff11ce9c%22:%91%22text_text_color%22,%22header_3_text_color%22,%22header_4_text_color%22,%22link_text_color%22,%22header_3_text_color%22,%22header_4_text_color%22,%22link_text_color%22%93,%22gcid-085b4e1e-4c3a-4d4d-85fb-8fdf36a8dac4%22:%91%22header_text_color%22,%22quote_text_color%22,%22header_text_color%22,%22quote_text_color%22%93,%22gcid-366890a0-33c4-45f2-8623-961d3eeee12a%22:%91%22text_text_color%22,%22header_2_text_color%22%93}&#8221;]<\/p>\n<p>L\u2019association Panmilar travaille en lien avec de nombreux partenaires dont des institutions, des associations et divers professionnel\u00b7les de la sante\u0301 et du social, comme par exemple :<\/p>\n<ul>\n<li>les h\u00f4pitaux vaudois (CHUV, EHNV, HRC, HIB)<\/li>\n<li>le r\u00e9seau sant\u00e9 (gyn\u00e9cologues, sages-femmes, infirmi\u00e8res petite enfance)<\/li>\n<li>le r\u00e9seau int\u00e9gration (Centres PROFA, EVAM, Association Appartenances\u2026)<\/li>\n<li>le Groupement des sages-femmes ind\u00e9pendantes du canton de Vaud (GSFIVD)<\/li>\n<li>les assistantes sociales et assistants sociaux<\/li>\n<\/ul>\n<p>[\/et_pb_text][\/et_pb_column_inner][et_pb_column_inner type=&#8221;1_2&#8243; saved_specialty_column_type=&#8221;2_3&#8243; _builder_version=&#8221;4.21.0&#8243; _module_preset=&#8221;default&#8221; global_colors_info=&#8221;{}&#8221;][et_pb_text _builder_version=&#8221;4.21.0&#8243; _module_preset=&#8221;default&#8221; text_text_color=&#8221;gcid-366890a0-33c4-45f2-8623-961d3eeee12a&#8221; header_2_text_color=&#8221;gcid-366890a0-33c4-45f2-8623-961d3eeee12a&#8221; custom_margin=&#8221;||||false|false&#8221; custom_padding=&#8221;0px||0px||false|false&#8221; global_colors_info=&#8221;{%22gcid-a61426d1-fc76-4fb6-aebc-1533ff11ce9c%22:%91%22text_text_color%22,%22header_3_text_color%22,%22header_4_text_color%22,%22link_text_color%22,%22header_3_text_color%22,%22header_4_text_color%22,%22link_text_color%22%93,%22gcid-085b4e1e-4c3a-4d4d-85fb-8fdf36a8dac4%22:%91%22header_text_color%22,%22quote_text_color%22,%22header_text_color%22,%22quote_text_color%22%93,%22gcid-366890a0-33c4-45f2-8623-961d3eeee12a%22:%91%22text_text_color%22,%22header_2_text_color%22%93}&#8221;]<\/p>\n<p><span style=\"color: #ffffff;\"><strong>Vous \u00eates en contact avec une femme ou une famille migrante qui pourrait \u00eatre concern\u00e9e par nos prestations ?<\/strong><\/span><\/p>\n<p><span style=\"color: #ffffff;\">Avec son accord pr\u00e9alable, vous pouvez nous transmettre son contact :<\/span><\/p>\n<ul>\n<li><span style=\"color: #ffffff;\">en remplissant notre formulaire de contact<\/span><\/li>\n<li><span style=\"color: #ffffff;\">par t\u00e9l\u00e9phone au 077 410 20 24<\/span><\/li>\n<li><span style=\"color: #ffffff;\">par e-mail \u00e0 secretariat@panmilar.ch<\/span><\/li>\n<\/ul>\n<p><span style=\"color: #ffffff;\">Une fois la demande re\u00e7ue, une interpr\u00e8te communautaire prendra contact avec la personne adress\u00e9e, dans sa langue.<strong> <\/strong><\/span><\/p>\n<p><span style=\"color: #ffffff;\"><strong>La protection des donn\u00e9es est garantie.<\/strong><\/span><\/p>\n<p>[\/et_pb_text][\/et_pb_column_inner][\/et_pb_row_inner][\/et_pb_column][\/et_pb_section][et_pb_section fb_built=&#8221;1&#8243; _builder_version=&#8221;4.21.0&#8243; _module_preset=&#8221;default&#8221; custom_padding=&#8221;100px|20px|50px|20px|false|true&#8221; custom_padding_tablet=&#8221;50px|70px|3px|70px|false|true&#8221; da_disable_devices=&#8221;off|off|off&#8221; global_colors_info=&#8221;{}&#8221; da_is_popup=&#8221;off&#8221; da_exit_intent=&#8221;off&#8221; da_has_close=&#8221;on&#8221; da_alt_close=&#8221;off&#8221; da_dark_close=&#8221;off&#8221; da_not_modal=&#8221;on&#8221; da_is_singular=&#8221;off&#8221; da_with_loader=&#8221;off&#8221; da_has_shadow=&#8221;on&#8221;][et_pb_row custom_padding_last_edited=&#8221;on|tablet&#8221; _builder_version=&#8221;4.21.0&#8243; _module_preset=&#8221;default&#8221; width=&#8221;100%&#8221; custom_padding=&#8221;0px|200px|0px|200px|true|true&#8221; custom_padding_tablet=&#8221;0px|0px|0px|0px|true|true&#8221; custom_padding_phone=&#8221;0px|0px|0px|0px|true|true&#8221; global_colors_info=&#8221;{}&#8221;][et_pb_column type=&#8221;4_4&#8243; _builder_version=&#8221;4.21.0&#8243; _module_preset=&#8221;default&#8221; global_colors_info=&#8221;{}&#8221;][et_pb_text _builder_version=&#8221;4.27.0&#8243; _module_preset=&#8221;default&#8221; text_text_color=&#8221;gcid-085b4e1e-4c3a-4d4d-85fb-8fdf36a8dac4&#8243; text_font_size=&#8221;30px&#8221; text_line_height=&#8221;1.5em&#8221; text_orientation=&#8221;center&#8221; global_colors_info=&#8221;{%22gcid-a61426d1-fc76-4fb6-aebc-1533ff11ce9c%22:%91%22header_2_text_color%22,%22header_3_text_color%22,%22header_4_text_color%22,%22link_text_color%22,%22header_2_text_color%22,%22header_3_text_color%22,%22header_4_text_color%22,%22link_text_color%22%93,%22gcid-085b4e1e-4c3a-4d4d-85fb-8fdf36a8dac4%22:%91%22header_text_color%22,%22quote_text_color%22,%22text_text_color%22%93}&#8221;]<\/p>\n<p>MERCI \u00e0 notre \u00e9quipe, \u00e0 nos partenaires, \u00e0 la DGS, au BCI, aux communes ainsi qu\u2019\u00e0 tous nos g\u00e9n\u00e9reux donateurs et donatrices pour leur aide, leur travail et leur soutien pr\u00e9cieux !<\/p>\n<p>[\/et_pb_text][et_pb_image src=&#8221;https:\/\/panmilar.ch\/wp-content\/uploads\/2023\/05\/cropped-fav-panmilar.png&#8221; title_text=&#8221;cropped-fav-panmilar.png&#8221; align=&#8221;center&#8221; _builder_version=&#8221;4.21.0&#8243; _module_preset=&#8221;default&#8221; max_height=&#8221;80px&#8221; global_colors_info=&#8221;{}&#8221;][\/et_pb_image][\/et_pb_column][\/et_pb_row][\/et_pb_section][et_pb_section fb_built=&#8221;1&#8243; _builder_version=&#8221;4.21.0&#8243; _module_preset=&#8221;default&#8221; da_disable_devices=&#8221;off|off|off&#8221; global_colors_info=&#8221;{}&#8221; da_is_popup=&#8221;off&#8221; da_exit_intent=&#8221;off&#8221; da_has_close=&#8221;on&#8221; da_alt_close=&#8221;off&#8221; da_dark_close=&#8221;off&#8221; da_not_modal=&#8221;on&#8221; da_is_singular=&#8221;off&#8221; da_with_loader=&#8221;off&#8221; da_has_shadow=&#8221;on&#8221;][et_pb_row column_structure=&#8221;1_2,1_2&#8243; use_custom_gutter=&#8221;on&#8221; gutter_width=&#8221;2&#8243; make_equal=&#8221;on&#8221; _builder_version=&#8221;4.21.0&#8243; _module_preset=&#8221;default&#8221; width=&#8221;100%&#8221; global_colors_info=&#8221;{}&#8221;][et_pb_column type=&#8221;1_2&#8243; _builder_version=&#8221;4.21.0&#8243; _module_preset=&#8221;default&#8221; background_color=&#8221;gcid-ff57e41b-406f-4a4b-ad3e-7ecfc68db9b9&#8243; global_colors_info=&#8221;{%22gcid-ff57e41b-406f-4a4b-ad3e-7ecfc68db9b9%22:%91%22background_color%22%93}&#8221;][et_pb_text _builder_version=&#8221;4.21.0&#8243; _module_preset=&#8221;default&#8221; text_text_color=&#8221;gcid-366890a0-33c4-45f2-8623-961d3eeee12a&#8221; header_2_text_color=&#8221;gcid-366890a0-33c4-45f2-8623-961d3eeee12a&#8221; background_color=&#8221;RGBA(255,255,255,0)&#8221; custom_padding=&#8221;25px|25px|25px|25px|true|true&#8221; global_colors_info=&#8221;{%22gcid-a61426d1-fc76-4fb6-aebc-1533ff11ce9c%22:%91%22text_text_color%22,%22header_2_text_color%22,%22header_3_text_color%22,%22header_4_text_color%22,%22link_text_color%22,%22text_text_color%22,%22header_3_text_color%22,%22header_4_text_color%22,%22link_text_color%22,%22header_3_text_color%22,%22header_4_text_color%22,%22link_text_color%22,%22header_3_text_color%22,%22header_4_text_color%22,%22link_text_color%22,%22header_3_text_color%22,%22header_4_text_color%22,%22link_text_color%22,%22header_3_text_color%22,%22header_4_text_color%22,%22link_text_color%22%93,%22gcid-085b4e1e-4c3a-4d4d-85fb-8fdf36a8dac4%22:%91%22header_text_color%22,%22quote_text_color%22,%22header_text_color%22,%22quote_text_color%22,%22header_text_color%22,%22quote_text_color%22,%22header_text_color%22,%22quote_text_color%22,%22header_text_color%22,%22quote_text_color%22,%22header_text_color%22,%22quote_text_color%22%93,%22gcid-366890a0-33c4-45f2-8623-961d3eeee12a%22:%91%22text_text_color%22,%22header_2_text_color%22%93}&#8221;]<\/p>\n<h2>Quelques chiffres<\/h2>\n<p>40% des femmes accouchant dans le canton de Vaud sont migrantes<br \/>250 s\u00e9ances de PANP Panmilar en moyenne chaque ann\u00e9e<br \/>150 visites \u00e0 domicile par des sages-femmes Panmilar en 2022<br \/>30 langues traduites par les interpr\u00e8tes communautaires<\/p>\n<p>[\/et_pb_text][\/et_pb_column][et_pb_column type=&#8221;1_2&#8243; _builder_version=&#8221;4.21.0&#8243; _module_preset=&#8221;default&#8221; background_color=&#8221;gcid-600409d5-2856-4f0a-86ad-374d20d50cbc&#8221; global_colors_info=&#8221;{%22gcid-600409d5-2856-4f0a-86ad-374d20d50cbc%22:%91%22background_color%22%93}&#8221;][et_pb_text module_id=&#8221;materiel&#8221; _builder_version=&#8221;4.27.5&#8243; _module_preset=&#8221;default&#8221; text_text_color=&#8221;gcid-366890a0-33c4-45f2-8623-961d3eeee12a&#8221; link_font=&#8221;|800|||on|||gcid-366890a0-33c4-45f2-8623-961d3eeee12a|&#8221; link_text_color=&#8221;gcid-366890a0-33c4-45f2-8623-961d3eeee12a&#8221; header_2_text_color=&#8221;gcid-366890a0-33c4-45f2-8623-961d3eeee12a&#8221; background_color=&#8221;RGBA(255,255,255,0)&#8221; custom_padding=&#8221;25px|25px|25px|25px|true|true&#8221; global_colors_info=&#8221;{%22gcid-a61426d1-fc76-4fb6-aebc-1533ff11ce9c%22:%91%22text_text_color%22,%22header_2_text_color%22,%22header_3_text_color%22,%22header_4_text_color%22,%22text_text_color%22,%22header_2_text_color%22,%22header_3_text_color%22,%22header_4_text_color%22,%22text_text_color%22,%22header_2_text_color%22,%22header_3_text_color%22,%22header_4_text_color%22,%22text_text_color%22,%22header_3_text_color%22,%22header_4_text_color%22,%22header_3_text_color%22,%22header_4_text_color%22,%22header_3_text_color%22,%22header_4_text_color%22,%22header_3_text_color%22,%22header_4_text_color%22,%22header_3_text_color%22,%22header_4_text_color%22%93,%22gcid-085b4e1e-4c3a-4d4d-85fb-8fdf36a8dac4%22:%91%22header_text_color%22,%22quote_text_color%22,%22header_text_color%22,%22quote_text_color%22,%22header_text_color%22,%22quote_text_color%22,%22header_text_color%22,%22quote_text_color%22,%22header_text_color%22,%22quote_text_color%22,%22header_text_color%22,%22quote_text_color%22,%22header_text_color%22,%22quote_text_color%22,%22header_text_color%22,%22quote_text_color%22%93,%22gcid-366890a0-33c4-45f2-8623-961d3eeee12a%22:%91%22text_text_color%22,%22header_2_text_color%22,%22link_text_color%22%93}&#8221;]<\/p>\n<h2>Mat\u00e9riel pour les professionnel-les<\/h2>\n<p>Faire appel \u00e0 une interpr\u00e8te communautaire : <a href=\"https:\/\/panmilar.ch\/wp-content\/uploads\/2025\/09\/IC_SF_MaS_PM.pdf\" target=\"_blank\" rel=\"noopener\">marche-\u00e0-suivre<\/a><br \/><a href=\"https:\/\/panmilar.ch\/wp-content\/uploads\/2024\/11\/Infos_multilingues_PM-1.pdf\">Documentation multilingue <\/a>autour de la p\u00e9rinatalit\u00e9<br \/>Brochure <a href=\"https:\/\/panmilar.ch\/wp-content\/uploads\/2024\/07\/Brochure_PanMilar-Unisante_2024.pdf\" target=\"_blank\" rel=\"noopener\" title=\"Brochure Panmilar-Unisant\u00e9\">Panmilar-Unisant\u00e9<\/a> et e-learning <a href=\"https:\/\/e-learning.excision.ch\/\" target=\"_blank\" rel=\"noopener\">excision.ch<\/a><br \/><a href=\"https:\/\/bit.ly\/3RCnEEc\" target=\"_blank\" rel=\"noopener\">Commander<\/a> du mat\u00e9riel Panmilar (flyers, cartes de visites, etc)<br \/>T\u00e9l\u00e9charger le <a href=\"https:\/\/panmilar.ch\/wp-content\/uploads\/2025\/09\/panmilar-dossier-presentation_VF.pdf\" target=\"_blank\" rel=\"noopener\">Dossier de pr\u00e9sentation de Panmilar<\/a><br \/>T\u00e9l\u00e9charger la <a href=\"https:\/\/panmilar.ch\/wp-content\/uploads\/2024\/09\/Brochure-telephonique_web.pdf\" target=\"_blank\" rel=\"noopener\">Brochure d&#8217;appel t\u00e9l\u00e9phonique<\/a><br \/>T\u00e9l\u00e9charger et imprimer les <a href=\"https:\/\/www.dropbox.com\/scl\/fo\/d9sunb1643shn9fw767hf\/AOozbNn9SOGkWIMP1ZcyEkg?rlkey=feqf8hktqusdgaunef8udha5x&amp;dl=0\">Tableaux EVAM P\u00e9rinatalit\u00e9<\/a><\/p>\n<p>[\/et_pb_text][\/et_pb_column][\/et_pb_row][\/et_pb_section]<\/p>\n","protected":false},"excerpt":{"rendered":"<p>Espace pro Panmilar en bref Depuis sa fondation il y a plus de 20 ans, Panmilar a pour mission d\u2019accompagner les femmes enceintes et les familles issues de la migration dans une optique de lutte contre les in\u00e9galit\u00e9s sociales de sante\u0301. Cet axe, aujourd\u2019hui central dans le domaine de la sante\u0301 publique, est repris dans les strat\u00e9gies de sante\u0301 au niveau international, national et cantonal. Les prestations de Panmilar facilitent l\u2019acc\u00e8s aux prestations de sant\u00e9 et favorisent l\u2019int\u00e9gration. C\u2019est la raison pour laquelle l\u2019association est subventionn\u00e9e par la Direction g\u00e9n\u00e9rale de la Sant\u00e9 du canton de Vaud (DGS). Ses prestations de pr\u00e9paration \u00e0 la naissance (PANP) et de suivis post-partum (PP) sont reconnues par la LAMal. En 2022, un projet-pilote a \u00e9t\u00e9 mis sur pied &#8211; en collaboration avec le Groupement des sages-femmes ind\u00e9pendantes du canton de Vaud (GSFIVD) &#8211; afin que toute sage-femme ind\u00e9pendante puisse avoir acc\u00e8s \u00e0 de l\u2019interpr\u00e9tariat communautaire lors de suivis post-partum qui pourraient le n\u00e9cessiter.PartenairesL\u2019association Panmilar travaille en lien avec de nombreux partenaires dont des institutions, des associations et divers professionnel\u00b7les de la sante\u0301 et du social, comme par exemple : les h\u00f4pitaux vaudois (CHUV, EHNV, HRC, HIB) le r\u00e9seau sant\u00e9 (gyn\u00e9cologues, sages-femmes, infirmi\u00e8res petite [&hellip;]<\/p>\n","protected":false},"author":1,"featured_media":0,"parent":0,"menu_order":0,"comment_status":"closed","ping_status":"closed","template":"","meta":{"_seopress_robots_primary_cat":"","_seopress_titles_title":"","_seopress_titles_desc":"","_seopress_robots_index":"","_et_pb_use_builder":"on","_et_pb_old_content":"<!-- wp:divi\/placeholder \/-->","_et_gb_content_width":"","footnotes":""},"class_list":["post-2003","page","type-page","status-publish","hentry"],"_links":{"self":[{"href":"https:\/\/panmilar.ch\/ti\/wp-json\/wp\/v2\/pages\/2003","targetHints":{"allow":["GET"]}}],"collection":[{"href":"https:\/\/panmilar.ch\/ti\/wp-json\/wp\/v2\/pages"}],"about":[{"href":"https:\/\/panmilar.ch\/ti\/wp-json\/wp\/v2\/types\/page"}],"author":[{"embeddable":true,"href":"https:\/\/panmilar.ch\/ti\/wp-json\/wp\/v2\/users\/1"}],"replies":[{"embeddable":true,"href":"https:\/\/panmilar.ch\/ti\/wp-json\/wp\/v2\/comments?post=2003"}],"version-history":[{"count":2,"href":"https:\/\/panmilar.ch\/ti\/wp-json\/wp\/v2\/pages\/2003\/revisions"}],"predecessor-version":[{"id":11496,"href":"https:\/\/panmilar.ch\/ti\/wp-json\/wp\/v2\/pages\/2003\/revisions\/11496"}],"wp:attachment":[{"href":"https:\/\/panmilar.ch\/ti\/wp-json\/wp\/v2\/media?parent=2003"}],"curies":[{"name":"wp","href":"https:\/\/api.w.org\/{rel}","templated":true}]}}