{"id":2075,"date":"2023-05-23T14:41:44","date_gmt":"2023-05-23T12:41:44","guid":{"rendered":"https:\/\/panmilar.ch\/association\/"},"modified":"2025-12-12T11:30:01","modified_gmt":"2025-12-12T09:30:01","slug":"association","status":"publish","type":"page","link":"https:\/\/panmilar.ch\/pt-pt\/association\/","title":{"rendered":"Association"},"content":{"rendered":"<p>[et_pb_section fb_built=&#8221;1&#8243; _builder_version=&#8221;4.21.0&#8243; _module_preset=&#8221;default&#8221; custom_padding=&#8221;50px||50px||true|false&#8221; da_disable_devices=&#8221;off|off|off&#8221; global_colors_info=&#8221;{}&#8221; da_is_popup=&#8221;off&#8221; da_exit_intent=&#8221;off&#8221; da_has_close=&#8221;on&#8221; da_alt_close=&#8221;off&#8221; da_dark_close=&#8221;off&#8221; da_not_modal=&#8221;on&#8221; da_is_singular=&#8221;off&#8221; da_with_loader=&#8221;off&#8221; da_has_shadow=&#8221;on&#8221;][et_pb_row column_structure=&#8221;1_2,1_2&#8243; use_custom_gutter=&#8221;on&#8221; _builder_version=&#8221;4.21.0&#8243; _module_preset=&#8221;default&#8221; width=&#8221;100%&#8221; global_colors_info=&#8221;{}&#8221;][et_pb_column type=&#8221;1_2&#8243; _builder_version=&#8221;4.21.0&#8243; _module_preset=&#8221;default&#8221; global_colors_info=&#8221;{}&#8221;][et_pb_text _builder_version=&#8221;4.21.0&#8243; _module_preset=&#8221;default&#8221; header_2_text_color=&#8221;gcid-085b4e1e-4c3a-4d4d-85fb-8fdf36a8dac4&#8243; custom_margin=&#8221;||50px|||&#8221; global_colors_info=&#8221;{%22gcid-a61426d1-fc76-4fb6-aebc-1533ff11ce9c%22:%91%22text_text_color%22,%22header_3_text_color%22,%22header_4_text_color%22,%22link_text_color%22,%22text_text_color%22,%22header_3_text_color%22,%22header_4_text_color%22,%22link_text_color%22,%22text_text_color%22,%22header_3_text_color%22,%22header_4_text_color%22,%22link_text_color%22%93,%22gcid-085b4e1e-4c3a-4d4d-85fb-8fdf36a8dac4%22:%91%22header_text_color%22,%22quote_text_color%22,%22header_2_text_color%22%93}&#8221;]<\/p>\n<h1>Association<\/h1>\n<p>[\/et_pb_text][et_pb_accordion open_toggle_text_color=&#8221;gcid-a61426d1-fc76-4fb6-aebc-1533ff11ce9c&#8221; open_toggle_background_color=&#8221;gcid-366890a0-33c4-45f2-8623-961d3eeee12a&#8221; closed_toggle_background_color=&#8221;gcid-366890a0-33c4-45f2-8623-961d3eeee12a&#8221; icon_color=&#8221;gcid-a61426d1-fc76-4fb6-aebc-1533ff11ce9c&#8221; use_icon_font_size=&#8221;on&#8221; icon_font_size=&#8221;26px&#8221; _builder_version=&#8221;4.27.4&#8243; _module_preset=&#8221;default&#8221; toggle_text_color=&#8221;gcid-a61426d1-fc76-4fb6-aebc-1533ff11ce9c&#8221; body_text_color=&#8221;gcid-a61426d1-fc76-4fb6-aebc-1533ff11ce9c&#8221; body_font_size=&#8221;15px&#8221; hover_enabled=&#8221;0&#8243; global_colors_info=&#8221;{%22gcid-a61426d1-fc76-4fb6-aebc-1533ff11ce9c%22:%91%22icon_color%22,%22open_toggle_text_color%22,%22toggle_text_color%22,%22body_text_color%22%93,%22gcid-366890a0-33c4-45f2-8623-961d3eeee12a%22:%91%22open_toggle_background_color%22,%22closed_toggle_background_color%22%93}&#8221; sticky_enabled=&#8221;0&#8243;][et_pb_accordion_item title=&#8221;Mission&#8221; open=&#8221;on&#8221; open_toggle_background_color=&#8221;RGBA(255,255,255,0)&#8221; closed_toggle_background_color=&#8221;RGBA(255,255,255,0)&#8221; icon_color=&#8221;gcid-a61426d1-fc76-4fb6-aebc-1533ff11ce9c&#8221; toggle_icon=&#8221;&#x4c;||divi||400&#8243; use_icon_font_size=&#8221;on&#8221; _builder_version=&#8221;4.27.4&#8243; _module_preset=&#8221;default&#8221; custom_padding=&#8221;0px||10px|0px|false|false&#8221; hover_enabled=&#8221;0&#8243; border_width_all=&#8221;0px&#8221; border_width_bottom=&#8221;2px&#8221; border_color_bottom=&#8221;gcid-a61426d1-fc76-4fb6-aebc-1533ff11ce9c&#8221; global_colors_info=&#8221;{%22gcid-a61426d1-fc76-4fb6-aebc-1533ff11ce9c%22:%91%22icon_color%22,%22border_color_bottom%22%93}&#8221; toggle_level=&#8221;h2&#8243; sticky_enabled=&#8221;0&#8243;]<\/p>\n<p>Panmilar est une association a\u0300 but non lucratif, reconnue d\u2019utilite\u0301 publique et subventionne\u0301e par la Direction Ge\u0301ne\u0301rale de la Sante\u0301 du Canton de Vaud (DGS). Elle a pour mission d\u2019offrir un accompagnement holistique et multilingue &#8211; durant la pe\u0301riode pe\u0301rinatale &#8211; aux femmes et aux familles migrantes, sur l\u2019ensemble du territoire vaudois.<\/p>\n<p>Pour ce faire, elle propose des s\u00e9ances de pre\u0301paration a\u0300 la naissance et des visites a\u0300 domicile apr\u00e8s la naissance. Ces rencontres sont assur\u00e9es par des sages-femmes ind\u00e9pendantes et traduites par des interpr\u00e8tes communautaires dans plus de 30 langues. Elles ont lieu \u00e0 Aigle, Vevey, Lausanne, Yverdon-les-Bains, Payerne et Nyon.<\/p>\n<p>L\u2019association Panmilar travaille en lien avec de nombreux partenaires dont des institutions, des associations et divers professionnel\u00b7les de la sante\u0301 et du social comme par exemple : les h\u00f4pitaux vaudois (CHUV, EHNV, HRC, HIB), le r\u00e9seau sant\u00e9 et int\u00e9gration (Centres PROFA, EVAM, Association Appartenances\u2026), le Groupement des sages-femmes ind\u00e9pendantes du canton de Vaud (GSFIVD), ou encore des assistant-e-s sociales-aux et des gyn\u00e9cologues.<\/p>\n<p>[\/et_pb_accordion_item][et_pb_accordion_item title=&#8221;Valeurs&#8221; open_toggle_background_color=&#8221;RGBA(255,255,255,0)&#8221; closed_toggle_background_color=&#8221;RGBA(255,255,255,0)&#8221; icon_color=&#8221;gcid-a61426d1-fc76-4fb6-aebc-1533ff11ce9c&#8221; toggle_icon=&#8221;&#x4c;||divi||400&#8243; use_icon_font_size=&#8221;on&#8221; _builder_version=&#8221;4.27.4&#8243; _module_preset=&#8221;default&#8221; custom_padding=&#8221;0px||10px|0px|false|false&#8221; hover_enabled=&#8221;0&#8243; border_width_all=&#8221;0px&#8221; border_width_bottom=&#8221;2px&#8221; border_color_bottom=&#8221;gcid-a61426d1-fc76-4fb6-aebc-1533ff11ce9c&#8221; global_colors_info=&#8221;{%22gcid-a61426d1-fc76-4fb6-aebc-1533ff11ce9c%22:%91%22icon_color%22,%22border_color_bottom%22%93}&#8221; toggle_level=&#8221;h2&#8243; open=&#8221;off&#8221; sticky_enabled=&#8221;0&#8243;]<\/p>\n<p><strong>Vivre ensemble<\/strong> : solidarite\u0301, partenariat, participation<\/p>\n<p><strong>Justice reproductive<\/strong> : e\u0301quite\u0301, perse\u0301ve\u0301rance, plaidoyer<\/p>\n<p><strong>Bienveillance<\/strong> : ouverture, accueil, empathie<\/p>\n<p><strong>Qualite\u0301<\/strong> : continuite\u0301, efficacite\u0301, se\u0301curite\u0301<\/p>\n<p>[\/et_pb_accordion_item][\/et_pb_accordion][\/et_pb_column][et_pb_column type=&#8221;1_2&#8243; _builder_version=&#8221;4.21.0&#8243; _module_preset=&#8221;default&#8221; background_enable_color=&#8221;off&#8221; global_colors_info=&#8221;{%22gcid-72fd6cb6-d7c3-4b4f-953f-10241ae27226%22:%91%22background_color%22%93}&#8221;][et_pb_image src=&#8221;https:\/\/panmilar.ch\/wp-content\/uploads\/2023\/06\/header_home_mom-and-ic_panmilar_\u00a9ZoeJobin.webp&#8221; title_text=&#8221;header_home_mom-and-ic_panmilar_\u00a9ZoeJobin&#8221; show_bottom_space=&#8221;off&#8221; _builder_version=&#8221;4.21.0&#8243; _module_preset=&#8221;default&#8221; background_enable_image=&#8221;off&#8221; position_origin_r=&#8221;bottom_right&#8221; vertical_offset=&#8221;0%&#8221; horizontal_offset=&#8221;35%&#8221; width=&#8221;100%&#8221; global_colors_info=&#8221;{}&#8221;][\/et_pb_image][et_pb_text _builder_version=&#8221;4.21.0&#8243; _module_preset=&#8221;default&#8221; text_font=&#8221;|||on|||||&#8221; text_text_color=&#8221;gcid-366890a0-33c4-45f2-8623-961d3eeee12a&#8221; text_font_size=&#8221;16px&#8221; background_color=&#8221;gcid-085b4e1e-4c3a-4d4d-85fb-8fdf36a8dac4&#8243; text_orientation=&#8221;center&#8221; custom_margin=&#8221;0px|0px|0px|0px|true|true&#8221; custom_padding=&#8221;15px|10px|15px|10px|true|true&#8221; link_option_url=&#8221;www.panmilar.ch\/equipe#sf&#8221; border_radii=&#8221;off||||20px&#8221; global_colors_info=&#8221;{%22gcid-a61426d1-fc76-4fb6-aebc-1533ff11ce9c%22:%91%22text_text_color%22,%22header_2_text_color%22,%22header_3_text_color%22,%22header_4_text_color%22,%22link_text_color%22,%22text_text_color%22,%22header_2_text_color%22,%22header_3_text_color%22,%22header_4_text_color%22,%22link_text_color%22,%22header_2_text_color%22,%22header_3_text_color%22,%22header_4_text_color%22,%22link_text_color%22,%22header_2_text_color%22,%22header_3_text_color%22,%22header_4_text_color%22,%22link_text_color%22%93,%22gcid-085b4e1e-4c3a-4d4d-85fb-8fdf36a8dac4%22:%91%22header_text_color%22,%22quote_text_color%22,%22header_text_color%22,%22quote_text_color%22,%22background_color%22%93,%22gcid-366890a0-33c4-45f2-8623-961d3eeee12a%22:%91%22text_text_color%22%93,%22gcid-eac52835-9745-42a4-82c6-fabf6fdbc2c8%22:%91%22background_color__hover%22%93}&#8221; background__hover_enabled=&#8221;on|hover&#8221; background_color__hover=&#8221;#f7af44&#8243; background_enable_color__hover=&#8221;on&#8221;]<\/p>\n<p>Sages-femmes et interpr\u00e8tes<\/p>\n<p>[\/et_pb_text][et_pb_text _builder_version=&#8221;4.21.0&#8243; _dynamic_attributes=&#8221;link_option_url&#8221; _module_preset=&#8221;default&#8221; text_font=&#8221;|||on|||||&#8221; text_text_color=&#8221;gcid-366890a0-33c4-45f2-8623-961d3eeee12a&#8221; text_font_size=&#8221;16px&#8221; background_color=&#8221;gcid-d3294c63-2029-4f3e-be45-2ef19dad1da4&#8243; text_orientation=&#8221;center&#8221; custom_margin=&#8221;0px|0px|0px|60px|true|false&#8221; custom_padding=&#8221;15px|10px|15px|10px|true|true&#8221; link_option_url=&#8221;@ET-DC@eyJkeW5hbWljIjp0cnVlLCJjb250ZW50IjoicG9zdF9saW5rX3VybF9wYWdlIiwic2V0dGluZ3MiOnsicG9zdF9pZCI6IjIyIn19@&#8221; border_radii=&#8221;off|||20px|20px&#8221; global_colors_info=&#8221;{%22gcid-a61426d1-fc76-4fb6-aebc-1533ff11ce9c%22:%91%22text_text_color%22,%22header_2_text_color%22,%22header_3_text_color%22,%22header_4_text_color%22,%22link_text_color%22,%22text_text_color%22,%22header_2_text_color%22,%22header_3_text_color%22,%22header_4_text_color%22,%22link_text_color%22,%22text_text_color%22,%22header_2_text_color%22,%22header_3_text_color%22,%22header_4_text_color%22,%22link_text_color%22,%22text_text_color%22,%22header_2_text_color%22,%22header_3_text_color%22,%22header_4_text_color%22,%22link_text_color%22,%22text_text_color%22,%22header_2_text_color%22,%22header_3_text_color%22,%22header_4_text_color%22,%22link_text_color%22,%22header_2_text_color%22,%22header_3_text_color%22,%22header_4_text_color%22,%22link_text_color%22,%22header_2_text_color%22,%22header_3_text_color%22,%22header_4_text_color%22,%22link_text_color%22%93,%22gcid-085b4e1e-4c3a-4d4d-85fb-8fdf36a8dac4%22:%91%22header_text_color%22,%22quote_text_color%22,%22header_text_color%22,%22quote_text_color%22,%22header_text_color%22,%22quote_text_color%22,%22header_text_color%22,%22quote_text_color%22,%22header_text_color%22,%22quote_text_color%22%93,%22gcid-366890a0-33c4-45f2-8623-961d3eeee12a%22:%91%22text_text_color%22%93,%22gcid-eac52835-9745-42a4-82c6-fabf6fdbc2c8%22:%91%22background_color__hover%22%93,%22gcid-d3294c63-2029-4f3e-be45-2ef19dad1da4%22:%91%22background_color%22%93}&#8221; background__hover_enabled=&#8221;on|hover&#8221; background_color__hover=&#8221;#f7af44&#8243; background_enable_color__hover=&#8221;on&#8221;]<\/p>\n<p>Administration<\/p>\n<p>[\/et_pb_text][\/et_pb_column][\/et_pb_row][\/et_pb_section][et_pb_section fb_built=&#8221;1&#8243; _builder_version=&#8221;4.21.0&#8243; _module_preset=&#8221;default&#8221; background_enable_color=&#8221;off&#8221; custom_padding=&#8221;50px||50px||true|false&#8221; da_disable_devices=&#8221;off|off|off&#8221; global_colors_info=&#8221;{%22gcid-eac52835-9745-42a4-82c6-fabf6fdbc2c8%22:%91%22background_color%22%93}&#8221; da_is_popup=&#8221;off&#8221; da_exit_intent=&#8221;off&#8221; da_has_close=&#8221;on&#8221; da_alt_close=&#8221;off&#8221; da_dark_close=&#8221;off&#8221; da_not_modal=&#8221;on&#8221; da_is_singular=&#8221;off&#8221; da_with_loader=&#8221;off&#8221; da_has_shadow=&#8221;on&#8221;][et_pb_row column_structure=&#8221;1_2,1_2&#8243; _builder_version=&#8221;4.21.0&#8243; _module_preset=&#8221;default&#8221; width=&#8221;100%&#8221; global_colors_info=&#8221;{}&#8221;][et_pb_column type=&#8221;1_2&#8243; _builder_version=&#8221;4.21.0&#8243; _module_preset=&#8221;default&#8221; custom_padding=&#8221;||||false|false&#8221; global_colors_info=&#8221;{}&#8221;][et_pb_image src=&#8221;https:\/\/panmilar.ch\/wp-content\/uploads\/2023\/06\/header_home_seance_panmilar_\u00a9ZoeJobin.webp&#8221; title_text=&#8221;header_home_seance_panmilar_\u00a9ZoeJobin&#8221; _builder_version=&#8221;4.21.0&#8243; _module_preset=&#8221;default&#8221; background_enable_image=&#8221;off&#8221; global_colors_info=&#8221;{}&#8221;][\/et_pb_image][\/et_pb_column][et_pb_column type=&#8221;1_2&#8243; _builder_version=&#8221;4.21.0&#8243; _module_preset=&#8221;default&#8221; global_colors_info=&#8221;{}&#8221;][et_pb_text _builder_version=&#8221;4.27.4&#8243; _module_preset=&#8221;default&#8221; header_2_text_color=&#8221;gcid-085b4e1e-4c3a-4d4d-85fb-8fdf36a8dac4&#8243; custom_margin=&#8221;||||false|false&#8221; hover_enabled=&#8221;0&#8243; global_colors_info=&#8221;{%22gcid-a61426d1-fc76-4fb6-aebc-1533ff11ce9c%22:%91%22text_text_color%22,%22header_3_text_color%22,%22header_4_text_color%22,%22link_text_color%22,%22header_3_text_color%22,%22header_4_text_color%22,%22link_text_color%22,%22text_text_color%22%93,%22gcid-085b4e1e-4c3a-4d4d-85fb-8fdf36a8dac4%22:%91%22header_text_color%22,%22quote_text_color%22,%22header_2_text_color%22%93}&#8221; sticky_enabled=&#8221;0&#8243;]<\/p>\n<h2>Comit\u00e9<\/h2>\n<p>Le comit\u00e9 de l\u2019association est compos\u00e9 actuellement d\u2019Alexia Fournier Fall (pr\u00e9sidente), Isabelle Probst, Marie-Claude Rossier, Jessica De Bernardini, Gladys Robert et Anne-Marie Van de Hel. Karine Rebecchi si\u00e8ge en tant que repr\u00e9sentante des interpr\u00e8tes et V\u00e9ronique Dessilly Sanchez en tant que repr\u00e9sentante des sages-femmes.<\/p>\n<p>[\/et_pb_text][et_pb_text _builder_version=&#8221;4.27.4&#8243; _module_preset=&#8221;default&#8221; header_2_text_color=&#8221;gcid-085b4e1e-4c3a-4d4d-85fb-8fdf36a8dac4&#8243; custom_margin=&#8221;30px|||||&#8221; global_colors_info=&#8221;{%22gcid-a61426d1-fc76-4fb6-aebc-1533ff11ce9c%22:%91%22text_text_color%22,%22header_3_text_color%22,%22header_4_text_color%22,%22link_text_color%22,%22header_3_text_color%22,%22header_4_text_color%22,%22link_text_color%22,%22text_text_color%22%93,%22gcid-085b4e1e-4c3a-4d4d-85fb-8fdf36a8dac4%22:%91%22header_text_color%22,%22quote_text_color%22,%22header_2_text_color%22%93}&#8221;]<\/p>\n<h2>Documents \u00e0 t\u00e9l\u00e9charger<\/h2>\n<p><a href=\"https:\/\/panmilar.ch\/wp-content\/uploads\/2025\/04\/RA2024_panmilar_web.pdf\" target=\"_blank\" rel=\"noopener\">Rapport annuel<\/a><br \/>\n<a href=\"https:\/\/panmilar.ch\/wp-content\/uploads\/2023\/07\/2023-STATUTS-PANMILAR-AGE.pdf\" target=\"_blank\" rel=\"noopener\">Statuts de l&#8217;association<\/a>[\/et_pb_text][et_pb_button button_url=&#8221;@ET-DC@eyJkeW5hbWljIjp0cnVlLCJjb250ZW50IjoicG9zdF9saW5rX3VybF9wYWdlIiwic2V0dGluZ3MiOnsicG9zdF9pZCI6IjIyIn19@&#8221; button_text=&#8221;D\u00e9couvrir notre \u00e9quipe&#8221; _builder_version=&#8221;4.21.0&#8243; _dynamic_attributes=&#8221;button_url&#8221; _module_preset=&#8221;809adda0-9ef8-4e05-bfbe-2fcab4255862&#8243; global_colors_info=&#8221;{}&#8221;][\/et_pb_button][\/et_pb_column][\/et_pb_row][\/et_pb_section]<\/p>\n","protected":false},"excerpt":{"rendered":"<p>AssociationPanmilar est une association a\u0300 but non lucratif, reconnue d\u2019utilite\u0301 publique et subventionne\u0301e par la Direction Ge\u0301ne\u0301rale de la Sante\u0301 du Canton de Vaud (DGS). Elle a pour mission d\u2019offrir un accompagnement holistique et multilingue &#8211; durant la pe\u0301riode pe\u0301rinatale &#8211; aux femmes et aux familles migrantes, sur l\u2019ensemble du territoire vaudois. Pour ce faire, elle propose des s\u00e9ances de pre\u0301paration a\u0300 la naissance et des visites a\u0300 domicile apr\u00e8s la naissance. Ces rencontres sont assur\u00e9es par des sages-femmes ind\u00e9pendantes et traduites par des interpr\u00e8tes communautaires dans plus de 30 langues. Elles ont lieu \u00e0 Aigle, Vevey, Lausanne, Yverdon-les-Bains, Payerne et Nyon. L\u2019association Panmilar travaille en lien avec de nombreux partenaires dont des institutions, des associations et divers professionnel\u00b7les de la sante\u0301 et du social comme par exemple : les h\u00f4pitaux vaudois (CHUV, EHNV, HRC, HIB), le r\u00e9seau sant\u00e9 et int\u00e9gration (Centres PROFA, EVAM, Association Appartenances\u2026), le Groupement des sages-femmes ind\u00e9pendantes du canton de Vaud (GSFIVD), ou encore des assistant-e-s sociales-aux et des gyn\u00e9cologues.Vivre ensemble : solidarite\u0301, partenariat, participation Justice reproductive : e\u0301quite\u0301, perse\u0301ve\u0301rance, plaidoyer Bienveillance : ouverture, accueil, empathie Qualite\u0301 : continuite\u0301, efficacite\u0301, se\u0301curite\u0301Sages-femmes et interpr\u00e8tesAdministrationComit\u00e9 Le comit\u00e9 de l\u2019association est compos\u00e9 actuellement d\u2019Alexia Fournier Fall (pr\u00e9sidente), Isabelle Probst, [&hellip;]<\/p>\n","protected":false},"author":1,"featured_media":0,"parent":0,"menu_order":0,"comment_status":"closed","ping_status":"closed","template":"","meta":{"_seopress_robots_primary_cat":"","_seopress_titles_title":"","_seopress_titles_desc":"","_seopress_robots_index":"","_et_pb_use_builder":"on","_et_pb_old_content":"<!-- wp:divi\/placeholder \/-->","_et_gb_content_width":"","footnotes":""},"class_list":["post-2075","page","type-page","status-publish","hentry"],"_links":{"self":[{"href":"https:\/\/panmilar.ch\/pt-pt\/wp-json\/wp\/v2\/pages\/2075","targetHints":{"allow":["GET"]}}],"collection":[{"href":"https:\/\/panmilar.ch\/pt-pt\/wp-json\/wp\/v2\/pages"}],"about":[{"href":"https:\/\/panmilar.ch\/pt-pt\/wp-json\/wp\/v2\/types\/page"}],"author":[{"embeddable":true,"href":"https:\/\/panmilar.ch\/pt-pt\/wp-json\/wp\/v2\/users\/1"}],"replies":[{"embeddable":true,"href":"https:\/\/panmilar.ch\/pt-pt\/wp-json\/wp\/v2\/comments?post=2075"}],"version-history":[{"count":0,"href":"https:\/\/panmilar.ch\/pt-pt\/wp-json\/wp\/v2\/pages\/2075\/revisions"}],"wp:attachment":[{"href":"https:\/\/panmilar.ch\/pt-pt\/wp-json\/wp\/v2\/media?parent=2075"}],"curies":[{"name":"wp","href":"https:\/\/api.w.org\/{rel}","templated":true}]}}