{"id":4757,"date":"2023-11-29T11:59:31","date_gmt":"2023-11-29T09:59:31","guid":{"rendered":"https:\/\/panmilar.ch\/mentions-legales\/"},"modified":"2023-11-29T12:36:14","modified_gmt":"2023-11-29T10:36:14","slug":"mentions-legales","status":"publish","type":"page","link":"https:\/\/panmilar.ch\/fa\/mentions-legales\/","title":{"rendered":"Mentions l\u00e9gales"},"content":{"rendered":"<p>[et_pb_section fb_built=&#8221;1&#8243; _builder_version=&#8221;4.23&#8243; _module_preset=&#8221;default&#8221; da_disable_devices=&#8221;off|off|off&#8221; global_colors_info=&#8221;{}&#8221; da_is_popup=&#8221;off&#8221; da_exit_intent=&#8221;off&#8221; da_has_close=&#8221;on&#8221; da_alt_close=&#8221;off&#8221; da_dark_close=&#8221;off&#8221; da_not_modal=&#8221;on&#8221; da_is_singular=&#8221;off&#8221; da_with_loader=&#8221;off&#8221; da_has_shadow=&#8221;on&#8221;][et_pb_row _builder_version=&#8221;4.23&#8243; _module_preset=&#8221;default&#8221; global_colors_info=&#8221;{}&#8221;][et_pb_column type=&#8221;4_4&#8243; _builder_version=&#8221;4.23&#8243; _module_preset=&#8221;default&#8221; global_colors_info=&#8221;{}&#8221;][et_pb_text _builder_version=&#8221;4.23.1&#8243; _module_preset=&#8221;default&#8221; custom_margin=&#8221;||0px||false|false&#8221; custom_padding=&#8221;||0px|||&#8221; global_colors_info=&#8221;{}&#8221;]<\/p>\n<h1>MENTIONS L\u00c9GALES \u2696\ufe0f<\/h1>\n<p>[\/et_pb_text][et_pb_text _builder_version=&#8221;4.23.1&#8243; _module_preset=&#8221;default&#8221; header_4_font=&#8221;||||||||&#8221; custom_margin=&#8221;||77px|||&#8221; custom_padding=&#8221;19px|19px|19px|19px|true|true&#8221; border_radii=&#8221;on|25px|25px|25px|25px&#8221; border_width_all=&#8221;3px&#8221; border_color_all=&#8221;gcid-eac52835-9745-42a4-82c6-fabf6fdbc2c8&#8243; global_colors_info=&#8221;{%22gcid-a61426d1-fc76-4fb6-aebc-1533ff11ce9c%22:%91%22text_text_color%22,%22header_2_text_color%22,%22header_3_text_color%22,%22header_4_text_color%22,%22link_text_color%22%93,%22gcid-085b4e1e-4c3a-4d4d-85fb-8fdf36a8dac4%22:%91%22header_text_color%22,%22quote_text_color%22%93,%22gcid-eac52835-9745-42a4-82c6-fabf6fdbc2c8%22:%91%22border_color_all%22%93}&#8221;]<\/p>\n<h4>Propri\u00e9taire du site<\/h4>\n<p>Association Panmilar<br \/><span>Rue Pr\u00e9-du-March\u00e9 23<\/span><br \/><span>1004 Lausanne<\/span><\/p>\n<p><a href=\"mailto:secretariat@panmilar.ch\">secretariat@panmilar.ch<\/a><\/p>\n<h4><\/h4>\n<h4>Cr\u00e9ateur du site<\/h4>\n<p>ftzstudio<br \/>Rue du Midi 47<br \/>CH-1400 Yverdon-les-Bains<\/p>\n<p><a href=\"mailto:hello@ftzstudio.co\">hello@ftzstudio.co<\/a><\/p>\n<h4><\/h4>\n<h4>H\u00e9bergeur du site<\/h4>\n<p>Infomaniak Network SA<br \/>Avenue de la Praille 16<br \/>CH-1227 Carouge<\/p>\n<p><a href=\"mailto:contact@infomaniak.ch\">contact@infomaniak.ch<\/a><br \/><a href=\"http:\/\/www.infomaniak.ch\">www.infomaniak.ch<\/a><\/p>\n<p><span>En utilisant et en naviguant sur notre site web, vous acceptez d\u2019\u00eatre li\u00e9s \u00e0 nos mentions l\u00e9gales.<\/span><\/p>\n<p>[\/et_pb_text][et_pb_text _builder_version=&#8221;4.23&#8243; _module_preset=&#8221;default&#8221; custom_margin=&#8221;||73px|||&#8221; custom_padding=&#8221;0px|||||&#8221; global_colors_info=&#8221;{}&#8221;]<\/p>\n<h4>Propri\u00e9t\u00e9 intellectuelle<\/h4>\n<p>Le contenu de notre site web, sa structure g\u00e9n\u00e9rale, les photographies et les images, les vid\u00e9os, les infographies, les textes et autres documents dont notre site web est compos\u00e9 sont de notre propri\u00e9t\u00e9 exclusive ou sont utilis\u00e9s avec la permission de leurs titulaires et sont prot\u00e9g\u00e9s par des droits d\u2019auteur, droits de marque et autres droits de propri\u00e9t\u00e9 intellectuelle.<\/p>\n<p>Toute repr\u00e9sentation ou reproduction totale ou partielle de notre site web ou de son contenu, par quelque proc\u00e9d\u00e9 que ce soit, sans avoir obtenu notre autorisation pr\u00e9alable expresse est interdite et constituerait une contrefa\u00e7on sanctionn\u00e9e la loi.<\/p>\n<h4><\/h4>\n<h4>Licence d&#8217;utilisation<\/h4>\n<p>Le droit d\u2019usage conf\u00e9r\u00e9 \u00e0 l\u2019utilisateur sur notre site web est personnel et priv\u00e9.<span class=\"Apple-converted-space\">\u00a0<span>\u00a0<\/span><\/span>Toute repr\u00e9sentation, reproduction, diffusion ou autre usage du contenu du site web sur un quelconque support pour un usage commercial, sont prohib\u00e9s. Le droit d\u2019utilisation comprend uniquement l\u2019autorisation de consulter le site web et son contenu. Tout autre usage est soumis \u00e0 notre autorisation expresse pr\u00e9alable.<\/p>\n<h4><\/h4>\n<h4>Limitiation de responsabilit\u00e9<\/h4>\n<p>Malgr\u00e9 le fait que nous accordions \u00e9norm\u00e9ment d\u2019attention \u00e0 la cr\u00e9ation de notre site web, nous ne pouvons pas garantir l\u2019exactitude, ni le caract\u00e8re complet des informations publi\u00e9es.<\/p>\n<p>Nous ne pouvons \u00e9galement pas garantir que le site web et\/ou les serveurs qui l\u2019h\u00e9bergent fonctionneront sans interruptions, dysfonctionnements, erreurs, virus ou autres composants pr\u00e9judiciables ou que ces probl\u00e8mes pourront et seront r\u00e9solus.<\/p>\n<p>En utilisant et naviguant sur notre site web, vous consentez express\u00e9ment aux limitations de notre responsabilit\u00e9 pouvant r\u00e9sulter de l\u2019usage de notre site web.<\/p>\n<h4><\/h4>\n<h4>Liens vers d&#8217;autres sites Internet<\/h4>\n<p>Le site web peut renvoyer \u00e0 d\u2019autres sites web de tiers, qui ne sont pas sous notre contr\u00f4le. Nous n\u2019assumons aucune responsabilit\u00e9 quant au contenu de sites tiers et les renvois de notre site web \u00e0 des sites tiers ne constitue pas une recommandation ou une approbation des opinions exprim\u00e9es en leur sein.<\/p>\n<h4><\/h4>\n<h4>Protection des donn\u00e9es<\/h4>\n<p>Nous nous engageons \u00e0 respecter vos donn\u00e9es personnelles. Pour plus d\u2019informations concernant la mani\u00e8re dont nous collectons, utilisons et partageons vos donn\u00e9es, vous pouvez consulter notre<span>\u00a0<\/span><a href=\"https:\/\/panmilar.ch\/politique-de-confidentialite\/\">politique de confidentialit\u00e9<\/a>.<\/p>\n<p><strong>Association Panmilar<\/strong> \u2013 novembre 2023<\/p>\n<p>[\/et_pb_text][\/et_pb_column][\/et_pb_row][\/et_pb_section]<\/p>\n","protected":false},"excerpt":{"rendered":"<p>MENTIONS L\u00c9GALES \u2696\ufe0fPropri\u00e9taire du site Association PanmilarRue Pr\u00e9-du-March\u00e9 231004 Lausanne secretariat@panmilar.ch Cr\u00e9ateur du site ftzstudioRue du Midi 47CH-1400 Yverdon-les-Bains hello@ftzstudio.co H\u00e9bergeur du site Infomaniak Network SAAvenue de la Praille 16CH-1227 Carouge contact@infomaniak.chwww.infomaniak.ch En utilisant et en naviguant sur notre site web, vous acceptez d\u2019\u00eatre li\u00e9s \u00e0 nos mentions l\u00e9gales.Propri\u00e9t\u00e9 intellectuelle Le contenu de notre site web, sa structure g\u00e9n\u00e9rale, les photographies et les images, les vid\u00e9os, les infographies, les textes et autres documents dont notre site web est compos\u00e9 sont de notre propri\u00e9t\u00e9 exclusive ou sont utilis\u00e9s avec la permission de leurs titulaires et sont prot\u00e9g\u00e9s par des droits d\u2019auteur, droits de marque et autres droits de propri\u00e9t\u00e9 intellectuelle. Toute repr\u00e9sentation ou reproduction totale ou partielle de notre site web ou de son contenu, par quelque proc\u00e9d\u00e9 que ce soit, sans avoir obtenu notre autorisation pr\u00e9alable expresse est interdite et constituerait une contrefa\u00e7on sanctionn\u00e9e la loi. Licence d&#8217;utilisation Le droit d\u2019usage conf\u00e9r\u00e9 \u00e0 l\u2019utilisateur sur notre site web est personnel et priv\u00e9.\u00a0\u00a0Toute repr\u00e9sentation, reproduction, diffusion ou autre usage du contenu du site web sur un quelconque support pour un usage commercial, sont prohib\u00e9s. Le droit d\u2019utilisation comprend uniquement l\u2019autorisation de consulter le site web et son contenu. Tout autre usage [&hellip;]<\/p>\n","protected":false},"author":1,"featured_media":0,"parent":0,"menu_order":0,"comment_status":"closed","ping_status":"closed","template":"","meta":{"_seopress_robots_primary_cat":"","_seopress_titles_title":"","_seopress_titles_desc":"","_seopress_robots_index":"","_et_pb_use_builder":"on","_et_pb_old_content":"","_et_gb_content_width":"","footnotes":""},"class_list":["post-4757","page","type-page","status-publish","hentry"],"_links":{"self":[{"href":"https:\/\/panmilar.ch\/fa\/wp-json\/wp\/v2\/pages\/4757","targetHints":{"allow":["GET"]}}],"collection":[{"href":"https:\/\/panmilar.ch\/fa\/wp-json\/wp\/v2\/pages"}],"about":[{"href":"https:\/\/panmilar.ch\/fa\/wp-json\/wp\/v2\/types\/page"}],"author":[{"embeddable":true,"href":"https:\/\/panmilar.ch\/fa\/wp-json\/wp\/v2\/users\/1"}],"replies":[{"embeddable":true,"href":"https:\/\/panmilar.ch\/fa\/wp-json\/wp\/v2\/comments?post=4757"}],"version-history":[{"count":0,"href":"https:\/\/panmilar.ch\/fa\/wp-json\/wp\/v2\/pages\/4757\/revisions"}],"wp:attachment":[{"href":"https:\/\/panmilar.ch\/fa\/wp-json\/wp\/v2\/media?parent=4757"}],"curies":[{"name":"wp","href":"https:\/\/api.w.org\/{rel}","templated":true}]}}