{"id":2399,"date":"2023-05-23T14:43:45","date_gmt":"2023-05-23T12:43:45","guid":{"rendered":"https:\/\/panmilar.ch\/nos-offres\/"},"modified":"2026-02-12T12:51:21","modified_gmt":"2026-02-12T10:51:21","slug":"nos-offres","status":"publish","type":"page","link":"https:\/\/panmilar.ch\/es\/nos-offres\/","title":{"rendered":"Nuestros servicios"},"content":{"rendered":"<p>[et_pb_section fb_built=&#8221;1&#8243; admin_label=&#8221;Section&#8221; _builder_version=&#8221;4.21.0&#8243; _module_preset=&#8221;default&#8221; custom_padding=&#8221;50px||50px||true|false&#8221; da_disable_devices=&#8221;off|off|off&#8221; global_colors_info=&#8221;{}&#8221; da_is_popup=&#8221;off&#8221; da_exit_intent=&#8221;off&#8221; da_has_close=&#8221;on&#8221; da_alt_close=&#8221;off&#8221; da_dark_close=&#8221;off&#8221; da_not_modal=&#8221;on&#8221; da_is_singular=&#8221;off&#8221; da_with_loader=&#8221;off&#8221; da_has_shadow=&#8221;on&#8221;][et_pb_row column_structure=&#8221;1_2,1_2&#8243; use_custom_gutter=&#8221;on&#8221; gutter_width=&#8221;2&#8243; _builder_version=&#8221;4.21.0&#8243; _module_preset=&#8221;default&#8221; width=&#8221;100%&#8221; global_colors_info=&#8221;{}&#8221;][et_pb_column type=&#8221;1_2&#8243; _builder_version=&#8221;4.21.0&#8243; _module_preset=&#8221;default&#8221; global_colors_info=&#8221;{}&#8221;][et_pb_text _builder_version=&#8221;4.21.0&#8243; _module_preset=&#8221;default&#8221; header_2_text_color=&#8221;gcid-085b4e1e-4c3a-4d4d-85fb-8fdf36a8dac4&#8243; custom_margin=&#8221;||50px|||&#8221; global_colors_info=&#8221;{%22gcid-a61426d1-fc76-4fb6-aebc-1533ff11ce9c%22:%91%22text_text_color%22,%22header_3_text_color%22,%22header_4_text_color%22,%22link_text_color%22,%22text_text_color%22,%22header_3_text_color%22,%22header_4_text_color%22,%22link_text_color%22,%22text_text_color%22,%22header_3_text_color%22,%22header_4_text_color%22,%22link_text_color%22%93,%22gcid-085b4e1e-4c3a-4d4d-85fb-8fdf36a8dac4%22:%91%22header_text_color%22,%22quote_text_color%22,%22header_2_text_color%22%93}&#8221;]<\/p>\n<h1>Nuestros servicios<\/h1>\n<h2>Clases de preparaci\u00f3n al parto<\/h2>\n<p>Las clases de preparaci\u00f3n al parto de la asociaci\u00f3n Panmilar son grupales y multiling\u00fces. Est\u00e1n destinadas a los\/as futuros\/as padres\/madres de origen inmigrante que viven en el cant\u00f3n de Vaud. Los temas abordados son:  <\/p>\n<ul>\n<li>el embarazo y el parto<\/li>\n<li>la lactancia y los cuidados del beb\u00e9<\/li>\n<li>la paternidad y la red sanitaria<\/li>\n<\/ul>\n<p>Estas reuniones est\u00e1n impartidas por comadronas y traducidas por int\u00e9rpretes comunitarias. Tienen lugar en Lausanne, Yverdon, Payerne, Aigle, Vevey y Nyon.<\/p>\n<p>Est\u00e1n cubiertas por el seguro m\u00e9dico (LAMal) y por el cant\u00f3n de Vaud. Para aquellas familias que as\u00ed lo deseen pueden participar econ\u00f3micamente haciendo una donaci\u00f3n a la asociaci\u00f3n. <\/p>\n<p>\u00a1Inf\u00f3rmese sobre las pr\u00f3ximas fechas en su regi\u00f3n!<\/p>\n<p>[\/et_pb_text][et_pb_button button_url=&#8221;@ET-DC@eyJkeW5hbWljIjp0cnVlLCJjb250ZW50IjoicG9zdF9saW5rX3VybF9wYWdlIiwic2V0dGluZ3MiOnsicG9zdF9pZCI6IjI2In19@&#8221; button_text=&#8221;Calendario&#8221; _builder_version=&#8221;4.21.0&#8243; _dynamic_attributes=&#8221;button_url&#8221; _module_preset=&#8221;809adda0-9ef8-4e05-bfbe-2fcab4255862&#8243; global_colors_info=&#8221;{}&#8221;][\/et_pb_button][\/et_pb_column][et_pb_column type=&#8221;1_2&#8243; _builder_version=&#8221;4.21.0&#8243; _module_preset=&#8221;default&#8221; background_color=&#8221;gcid-72fd6cb6-d7c3-4b4f-953f-10241ae27226&#8243; global_colors_info=&#8221;{%22gcid-72fd6cb6-d7c3-4b4f-953f-10241ae27226%22:%91%22background_color%22%93}&#8221;][dsm_image_hotspots src=&#8221;https:\/\/panmilar.ch\/wp-content\/uploads\/2023\/06\/carte-vaud-panmilar.svg&#8221; title_text=&#8221;carte-vaud-panmilar&#8221; _builder_version=&#8221;4.27.5&#8243; _module_preset=&#8221;default&#8221; background_color=&#8221;RGBA(255,255,255,0)&#8221; custom_padding=&#8221;20px|80px|20px|80px|true|true&#8221; custom_padding_tablet=&#8221;20px|20px|20px|20px|true|true&#8221; custom_padding_phone=&#8221;|0px||0px|true|true&#8221; custom_padding_last_edited=&#8221;on|phone&#8221; global_colors_info=&#8221;{}&#8221;][dsm_image_hotspots_child admin_title=&#8221;Yverdon&#8221; font_icon=&#8221;&#xf111;||fa||900&#8243; icon_color=&#8221;gcid-085b4e1e-4c3a-4d4d-85fb-8fdf36a8dac4&#8243; icon_font_size=&#8221;15px&#8221; left_position=&#8221;47%&#8221; top_position=&#8221;27.5%&#8221; hotspot_padding=&#8221;0px|0px|0px|0px|true|true&#8221; tooltip_background_color=&#8221;gcid-085b4e1e-4c3a-4d4d-85fb-8fdf36a8dac4&#8243; _builder_version=&#8221;4.27.4&#8243; _module_preset=&#8221;default&#8221; text_text_color=&#8221;gcid-085b4e1e-4c3a-4d4d-85fb-8fdf36a8dac4&#8243; body_text_color=&#8221;gcid-366890a0-33c4-45f2-8623-961d3eeee12a&#8221; background_color=&#8221;RGBA(255,255,255,0)&#8221; background_enable_color=&#8221;on&#8221; border_radii_hotspot=&#8221;on|100px|100px|100px|100px&#8221; border_width_all_hotspot=&#8221;0px&#8221; border_color_all_hotspot=&#8221;gcid-53692349-bc9e-4cc6-b10b-fe2495224740&#8243; global_colors_info=&#8221;{%22gcid-085b4e1e-4c3a-4d4d-85fb-8fdf36a8dac4%22:%91%22icon_color%22,%22text_text_color%22,%22tooltip_background_color%22%93,%22gcid-53692349-bc9e-4cc6-b10b-fe2495224740%22:%91%22border_color_all_hotspot%22%93,%22gcid-366890a0-33c4-45f2-8623-961d3eeee12a%22:%91%22body_text_color%22%93,%22gcid-eac52835-9745-42a4-82c6-fabf6fdbc2c8%22:%91%22icon_color__hover%22%93}&#8221; icon_color__hover_enabled=&#8221;on|hover&#8221; icon_color__hover=&#8221;#f7af44&#8243;]<\/p>\n<h4>Yverdon<\/h4>\n<p>Avenue des Bains 12, 1400 Yverdon-les-Bains<\/p>\n<p>[\/dsm_image_hotspots_child][dsm_image_hotspots_child admin_title=&#8221;Payerne&#8221; font_icon=&#8221;&#xf111;||fa||900&#8243; icon_color=&#8221;gcid-085b4e1e-4c3a-4d4d-85fb-8fdf36a8dac4&#8243; icon_font_size=&#8221;15px&#8221; left_position=&#8221;68%&#8221; top_position=&#8221;24.1%&#8221; hotspot_padding=&#8221;0px|0px|0px|0px|true|true&#8221; tooltip_background_color=&#8221;gcid-085b4e1e-4c3a-4d4d-85fb-8fdf36a8dac4&#8243; _builder_version=&#8221;4.21.0&#8243; _module_preset=&#8221;default&#8221; text_text_color=&#8221;gcid-085b4e1e-4c3a-4d4d-85fb-8fdf36a8dac4&#8243; body_text_color=&#8221;gcid-366890a0-33c4-45f2-8623-961d3eeee12a&#8221; background_color=&#8221;RGBA(255,255,255,0)&#8221; background_enable_color=&#8221;on&#8221; border_radii_hotspot=&#8221;on|100px|100px|100px|100px&#8221; border_width_all_hotspot=&#8221;0px&#8221; border_color_all_hotspot=&#8221;gcid-53692349-bc9e-4cc6-b10b-fe2495224740&#8243; global_colors_info=&#8221;{%22gcid-085b4e1e-4c3a-4d4d-85fb-8fdf36a8dac4%22:%91%22icon_color%22,%22text_text_color%22,%22tooltip_background_color%22%93,%22gcid-53692349-bc9e-4cc6-b10b-fe2495224740%22:%91%22border_color_all_hotspot%22%93,%22gcid-366890a0-33c4-45f2-8623-961d3eeee12a%22:%91%22body_text_color%22%93,%22gcid-eac52835-9745-42a4-82c6-fabf6fdbc2c8%22:%91%22icon_color__hover%22%93}&#8221; icon_color__hover_enabled=&#8221;on|hover&#8221; icon_color__hover=&#8221;#f7af44&#8243;]<\/p>\n<h4>Payerne<\/h4>\n<p>Rue du Chemin Neuf 12, 1530 Payerne<\/p>\n<p>[\/dsm_image_hotspots_child][dsm_image_hotspots_child admin_title=&#8221;Lausanne&#8221; font_icon=&#8221;&#xf111;||fa||900&#8243; icon_color=&#8221;gcid-085b4e1e-4c3a-4d4d-85fb-8fdf36a8dac4&#8243; icon_font_size=&#8221;15px&#8221; left_position=&#8221;44%&#8221; top_position=&#8221;57%&#8221; hotspot_padding=&#8221;0px|0px|0px|0px|true|true&#8221; tooltip_background_color=&#8221;gcid-085b4e1e-4c3a-4d4d-85fb-8fdf36a8dac4&#8243; _builder_version=&#8221;4.21.0&#8243; _module_preset=&#8221;default&#8221; text_text_color=&#8221;gcid-085b4e1e-4c3a-4d4d-85fb-8fdf36a8dac4&#8243; body_text_color=&#8221;gcid-366890a0-33c4-45f2-8623-961d3eeee12a&#8221; background_color=&#8221;RGBA(255,255,255,0)&#8221; background_enable_color=&#8221;on&#8221; border_radii_hotspot=&#8221;on|100px|100px|100px|100px&#8221; border_width_all_hotspot=&#8221;0px&#8221; border_color_all_hotspot=&#8221;gcid-53692349-bc9e-4cc6-b10b-fe2495224740&#8243; global_colors_info=&#8221;{%22gcid-085b4e1e-4c3a-4d4d-85fb-8fdf36a8dac4%22:%91%22icon_color%22,%22text_text_color%22,%22tooltip_background_color%22%93,%22gcid-53692349-bc9e-4cc6-b10b-fe2495224740%22:%91%22border_color_all_hotspot%22%93,%22gcid-366890a0-33c4-45f2-8623-961d3eeee12a%22:%91%22body_text_color%22%93,%22gcid-eac52835-9745-42a4-82c6-fabf6fdbc2c8%22:%91%22icon_color__hover%22%93}&#8221; icon_color__hover_enabled=&#8221;on|hover&#8221; icon_color__hover=&#8221;#f7af44&#8243;]<\/p>\n<h4>Lausanne<\/h4>\n<p>Rue Pr\u00e9-du-March\u00e9 23, 1004 Lausanne<\/p>\n<p>[\/dsm_image_hotspots_child][dsm_image_hotspots_child admin_title=&#8221;Vevey&#8221; font_icon=&#8221;&#xf111;||fa||900&#8243; icon_color=&#8221;gcid-085b4e1e-4c3a-4d4d-85fb-8fdf36a8dac4&#8243; icon_font_size=&#8221;15px&#8221; left_position=&#8221;61%&#8221; top_position=&#8221;63%&#8221; hotspot_padding=&#8221;0px|0px|0px|0px|true|true&#8221; tooltip_background_color=&#8221;gcid-085b4e1e-4c3a-4d4d-85fb-8fdf36a8dac4&#8243; _builder_version=&#8221;4.27.4&#8243; _module_preset=&#8221;default&#8221; text_text_color=&#8221;gcid-085b4e1e-4c3a-4d4d-85fb-8fdf36a8dac4&#8243; body_text_color=&#8221;gcid-366890a0-33c4-45f2-8623-961d3eeee12a&#8221; background_color=&#8221;RGBA(255,255,255,0)&#8221; background_enable_color=&#8221;on&#8221; border_radii_hotspot=&#8221;on|100px|100px|100px|100px&#8221; border_width_all_hotspot=&#8221;0px&#8221; border_color_all_hotspot=&#8221;gcid-53692349-bc9e-4cc6-b10b-fe2495224740&#8243; global_colors_info=&#8221;{%22gcid-085b4e1e-4c3a-4d4d-85fb-8fdf36a8dac4%22:%91%22icon_color%22,%22text_text_color%22,%22tooltip_background_color%22%93,%22gcid-53692349-bc9e-4cc6-b10b-fe2495224740%22:%91%22border_color_all_hotspot%22%93,%22gcid-366890a0-33c4-45f2-8623-961d3eeee12a%22:%91%22body_text_color%22%93,%22gcid-eac52835-9745-42a4-82c6-fabf6fdbc2c8%22:%91%22icon_color__hover%22%93}&#8221; icon_color__hover_enabled=&#8221;on|hover&#8221; icon_color__hover=&#8221;#f7af44&#8243;]<\/p>\n<h4>Vevey<\/h4>\n<p>Avenue de Savoie 14, 1800 Vevey[\/dsm_image_hotspots_child][dsm_image_hotspots_child admin_title=&#8221;Aigle&#8221; font_icon=&#8221;&#xf111;||fa||900&#8243; icon_color=&#8221;gcid-085b4e1e-4c3a-4d4d-85fb-8fdf36a8dac4&#8243; icon_font_size=&#8221;15px&#8221; left_position=&#8221;77%&#8221; top_position=&#8221;79%&#8221; hotspot_padding=&#8221;0px|0px|0px|0px|true|true&#8221; tooltip_background_color=&#8221;gcid-085b4e1e-4c3a-4d4d-85fb-8fdf36a8dac4&#8243; _builder_version=&#8221;4.21.0&#8243; _module_preset=&#8221;default&#8221; text_text_color=&#8221;gcid-085b4e1e-4c3a-4d4d-85fb-8fdf36a8dac4&#8243; body_text_color=&#8221;gcid-366890a0-33c4-45f2-8623-961d3eeee12a&#8221; background_color=&#8221;RGBA(255,255,255,0)&#8221; background_enable_color=&#8221;on&#8221; border_radii_hotspot=&#8221;on|100px|100px|100px|100px&#8221; border_width_all_hotspot=&#8221;0px&#8221; border_color_all_hotspot=&#8221;gcid-53692349-bc9e-4cc6-b10b-fe2495224740&#8243; global_colors_info=&#8221;{%22gcid-085b4e1e-4c3a-4d4d-85fb-8fdf36a8dac4%22:%91%22icon_color%22,%22text_text_color%22,%22tooltip_background_color%22%93,%22gcid-53692349-bc9e-4cc6-b10b-fe2495224740%22:%91%22border_color_all_hotspot%22%93,%22gcid-366890a0-33c4-45f2-8623-961d3eeee12a%22:%91%22body_text_color%22%93,%22gcid-eac52835-9745-42a4-82c6-fabf6fdbc2c8%22:%91%22icon_color__hover%22%93}&#8221; icon_color__hover_enabled=&#8221;on|hover&#8221; icon_color__hover=&#8221;#f7af44&#8243;]<\/p>\n<h4>Aigle<\/h4>\n<p>Place du centenaire 3, 1860 Aigle<\/p>\n<p>[\/dsm_image_hotspots_child][dsm_image_hotspots_child admin_title=&#8221;Nyon&#8221; font_icon=&#8221;&#xf111;||fa||900&#8243; icon_color=&#8221;gcid-085b4e1e-4c3a-4d4d-85fb-8fdf36a8dac4&#8243; icon_font_size=&#8221;15px&#8221; left_position=&#8221;17%&#8221; top_position=&#8221;70%&#8221; hotspot_padding=&#8221;0px|0px|0px|0px|true|true&#8221; tooltip_background_color=&#8221;gcid-085b4e1e-4c3a-4d4d-85fb-8fdf36a8dac4&#8243; _builder_version=&#8221;4.21.0&#8243; _module_preset=&#8221;default&#8221; text_text_color=&#8221;gcid-085b4e1e-4c3a-4d4d-85fb-8fdf36a8dac4&#8243; body_text_color=&#8221;gcid-366890a0-33c4-45f2-8623-961d3eeee12a&#8221; background_color=&#8221;RGBA(255,255,255,0)&#8221; background_enable_color=&#8221;on&#8221; border_radii_hotspot=&#8221;on|100px|100px|100px|100px&#8221; border_width_all_hotspot=&#8221;0px&#8221; border_color_all_hotspot=&#8221;gcid-53692349-bc9e-4cc6-b10b-fe2495224740&#8243; global_colors_info=&#8221;{%22gcid-085b4e1e-4c3a-4d4d-85fb-8fdf36a8dac4%22:%91%22icon_color%22,%22text_text_color%22,%22tooltip_background_color%22%93,%22gcid-53692349-bc9e-4cc6-b10b-fe2495224740%22:%91%22border_color_all_hotspot%22%93,%22gcid-366890a0-33c4-45f2-8623-961d3eeee12a%22:%91%22body_text_color%22%93,%22gcid-eac52835-9745-42a4-82c6-fabf6fdbc2c8%22:%91%22icon_color__hover%22%93}&#8221; icon_color__hover_enabled=&#8221;on|hover&#8221; icon_color__hover=&#8221;#f7af44&#8243;]<\/p>\n<h4>Nyon<\/h4>\n<p>Rue des Marchandises 17, 1260 Nyon<\/p>\n<p>[\/dsm_image_hotspots_child][\/dsm_image_hotspots][\/et_pb_column][\/et_pb_row][\/et_pb_section][et_pb_section fb_built=&#8221;1&#8243; admin_label=&#8221;Section&#8221; _builder_version=&#8221;4.21.0&#8243; _module_preset=&#8221;default&#8221; da_disable_devices=&#8221;off|off|off&#8221; global_colors_info=&#8221;{}&#8221; da_is_popup=&#8221;off&#8221; da_exit_intent=&#8221;off&#8221; da_has_close=&#8221;on&#8221; da_alt_close=&#8221;off&#8221; da_dark_close=&#8221;off&#8221; da_not_modal=&#8221;on&#8221; da_is_singular=&#8221;off&#8221; da_with_loader=&#8221;off&#8221; da_has_shadow=&#8221;on&#8221;][et_pb_row _builder_version=&#8221;4.21.0&#8243; _module_preset=&#8221;default&#8221; global_colors_info=&#8221;{}&#8221;][et_pb_column type=&#8221;4_4&#8243; _builder_version=&#8221;4.21.0&#8243; _module_preset=&#8221;default&#8221; global_colors_info=&#8221;{}&#8221;][dsm_image_carousel gallery_ids=&#8221;713,1738,1778,1743,1748,1593,1753&#8243; slide_to_show=&#8221;3&#8243; use_arrow_custom_position=&#8221;on&#8221; arrow_custom_position=&#8221;-70px&#8221; arrow_size=&#8221;60px&#8221; dots=&#8221;off&#8221; arrow_color=&#8221;gcid-085b4e1e-4c3a-4d4d-85fb-8fdf36a8dac4&#8243; slide_to_show_tablet=&#8221;3&#8243; slide_to_show_phone=&#8221;2&#8243; slide_to_show_last_edited=&#8221;on|phone&#8221; arrow_custom_position_tablet=&#8221;-60px&#8221; arrow_custom_position_phone=&#8221;-60px&#8221; arrow_custom_position_last_edited=&#8221;on|tablet&#8221; _builder_version=&#8221;4.21.0&#8243; _module_preset=&#8221;default&#8221; custom_margin=&#8221;||0px||false|false&#8221; custom_margin_tablet=&#8221;||0px||false|false&#8221; custom_margin_phone=&#8221;||0px||false|false&#8221; custom_margin_last_edited=&#8221;on|phone&#8221; global_colors_info=&#8221;{%22gcid-085b4e1e-4c3a-4d4d-85fb-8fdf36a8dac4%22:%91%22arrow_color%22,%22dots_active_color%22%93}&#8221;][\/dsm_image_carousel][\/et_pb_column][\/et_pb_row][\/et_pb_section][et_pb_section fb_built=&#8221;1&#8243; module_id=&#8221;apres-naissance&#8221; _builder_version=&#8221;4.22.1&#8243; _module_preset=&#8221;default&#8221; background_color=&#8221;gcid-eac52835-9745-42a4-82c6-fabf6fdbc2c8&#8243; custom_padding=&#8221;50px||50px||true|false&#8221; da_disable_devices=&#8221;off|off|off&#8221; global_colors_info=&#8221;{%22gcid-eac52835-9745-42a4-82c6-fabf6fdbc2c8%22:%91%22background_color%22%93}&#8221; da_is_popup=&#8221;off&#8221; da_exit_intent=&#8221;off&#8221; da_has_close=&#8221;on&#8221; da_alt_close=&#8221;off&#8221; da_dark_close=&#8221;off&#8221; da_not_modal=&#8221;on&#8221; da_is_singular=&#8221;off&#8221; da_with_loader=&#8221;off&#8221; da_has_shadow=&#8221;on&#8221;][et_pb_row column_structure=&#8221;1_2,1_2&#8243; _builder_version=&#8221;4.21.0&#8243; _module_preset=&#8221;default&#8221; width=&#8221;100%&#8221; global_colors_info=&#8221;{}&#8221;][et_pb_column type=&#8221;1_2&#8243; _builder_version=&#8221;4.21.0&#8243; _module_preset=&#8221;default&#8221; custom_padding=&#8221;||||false|false&#8221; global_colors_info=&#8221;{}&#8221;][dsm_image_carousel gallery_ids=&#8221;1713,1763,1703,1708&#8243; sizes=&#8221;et-pb-post-main-image-fullwidth&#8221; centered_slides=&#8221;on&#8221; slide_to_show=&#8221;1&#8243; use_arrow_custom_position=&#8221;on&#8221; arrow_custom_position=&#8221;-28px&#8221; arrow_size=&#8221;60px&#8221; dots=&#8221;off&#8221; arrow_color=&#8221;gcid-366890a0-33c4-45f2-8623-961d3eeee12a&#8221; slide_to_show_tablet=&#8221;3&#8243; slide_to_show_phone=&#8221;2&#8243; slide_to_show_last_edited=&#8221;on|phone&#8221; _builder_version=&#8221;4.21.0&#8243; _module_preset=&#8221;default&#8221; custom_margin=&#8221;||0px||false|false&#8221; custom_margin_tablet=&#8221;||0px||false|false&#8221; custom_margin_phone=&#8221;||0px||false|false&#8221; custom_margin_last_edited=&#8221;on|phone&#8221; global_colors_info=&#8221;{%22gcid-085b4e1e-4c3a-4d4d-85fb-8fdf36a8dac4%22:%91%22dots_active_color%22%93,%22gcid-366890a0-33c4-45f2-8623-961d3eeee12a%22:%91%22arrow_color%22%93}&#8221;][\/dsm_image_carousel][\/et_pb_column][et_pb_column type=&#8221;1_2&#8243; _builder_version=&#8221;4.21.0&#8243; _module_preset=&#8221;default&#8221; global_colors_info=&#8221;{}&#8221;][et_pb_text _builder_version=&#8221;4.21.0&#8243; _module_preset=&#8221;default&#8221; text_text_color=&#8221;gcid-366890a0-33c4-45f2-8623-961d3eeee12a&#8221; header_2_text_color=&#8221;gcid-366890a0-33c4-45f2-8623-961d3eeee12a&#8221; custom_margin=&#8221;||||false|false&#8221; global_colors_info=&#8221;{%22gcid-a61426d1-fc76-4fb6-aebc-1533ff11ce9c%22:%91%22text_text_color%22,%22header_3_text_color%22,%22header_4_text_color%22,%22link_text_color%22,%22header_3_text_color%22,%22header_4_text_color%22,%22link_text_color%22%93,%22gcid-085b4e1e-4c3a-4d4d-85fb-8fdf36a8dac4%22:%91%22header_text_color%22,%22quote_text_color%22,%22header_text_color%22,%22quote_text_color%22%93,%22gcid-366890a0-33c4-45f2-8623-961d3eeee12a%22:%91%22text_text_color%22,%22header_2_text_color%22%93}&#8221;]<\/p>\n<h2>Visitas a domicilio despu\u00e9s del nacimiento<\/h2>\n<p>Adem\u00e1s de las sesiones de preparaci\u00f3n al parto, Panmilar propone visitas a domicilio despu\u00e9s del nacimiento para aquellos\/as padres\/madres que no tienen el franc\u00e9s como lengua materna. Est\u00e1n dirigidas por una comadrona independiente y traducidas por una int\u00e9rprete comunitaria. <\/p>\n<p>Estas reuniones permiten que las familias se beneficien de un acompa\u00f1amiento individualizado en su idioma para acoger a su beb\u00e9 en las mejores condiciones posibles. Est\u00e1n cubiertas por el seguro m\u00e9dico (LAMal) y por el cant\u00f3n de Vaud. <\/p>\n<p>\u00a1Para m\u00e1s informaci\u00f3n no dude en contactarnos!<\/p>\n<p>[\/et_pb_text][et_pb_button button_url=&#8221;@ET-DC@eyJkeW5hbWljIjp0cnVlLCJjb250ZW50IjoicG9zdF9saW5rX3VybF9wYWdlIiwic2V0dGluZ3MiOnsicG9zdF9pZCI6IjMwIn19@&#8221; button_text=&#8221;Contactarnos&#8221; button_alignment_tablet=&#8221;center&#8221; button_alignment_phone=&#8221;center&#8221; button_alignment_last_edited=&#8221;on|tablet&#8221; _builder_version=&#8221;4.21.0&#8243; _dynamic_attributes=&#8221;button_url&#8221; _module_preset=&#8221;default&#8221; custom_margin=&#8221;50px|||||&#8221; global_colors_info=&#8221;{%22gcid-72fd6cb6-d7c3-4b4f-953f-10241ae27226%22:%91%22button_text_color%22,%22button_text_color%22,%22button_text_color%22%93,%22gcid-085b4e1e-4c3a-4d4d-85fb-8fdf36a8dac4%22:%91%22button_bg_color%22,%22button_bg_color%22,%22button_bg_color%22%93,%22gcid-d3294c63-2029-4f3e-be45-2ef19dad1da4%22:%91%22button_bg_color__hover%22%93}&#8221; button_bg_color__hover_enabled=&#8221;on|hover&#8221; button_bg_color__hover=&#8221;#a88dbc&#8221;][\/et_pb_button][\/et_pb_column][\/et_pb_row][\/et_pb_section]<\/p>\n","protected":false},"excerpt":{"rendered":"<p>Nuestros servicios Clases de preparaci\u00f3n al parto Las clases de preparaci\u00f3n al parto de la asociaci\u00f3n Panmilar son grupales y multiling\u00fces. Est\u00e1n destinadas a los\/as futuros\/as padres\/madres de origen inmigrante que viven en el cant\u00f3n de Vaud. Los temas abordados son: el embarazo y el parto la lactancia y los cuidados del beb\u00e9 la paternidad y la red sanitaria Estas reuniones est\u00e1n impartidas por comadronas y traducidas por int\u00e9rpretes comunitarias. Tienen lugar en Lausanne, Yverdon, Payerne, Aigle, Vevey y Nyon. Est\u00e1n cubiertas por el seguro m\u00e9dico (LAMal) y por el cant\u00f3n de Vaud. Para aquellas familias que as\u00ed lo deseen pueden participar econ\u00f3micamente haciendo una donaci\u00f3n a la asociaci\u00f3n. \u00a1Inf\u00f3rmese sobre las pr\u00f3ximas fechas en su regi\u00f3n!<div class=\"et_pb_module dsm_image_hotspots dsm_image_hotspots_0\">\n\t\t\t\t\n\t\t\t\t\n\t\t\t\t\n\t\t\t\t\n\t\t\t\t\n\t\t\t\t\n\t\t\t\t<div class=\"et_pb_module_inner\">\n\t\t\t\t\t\n\t\t\t\n\t\t\t<div class=\"dsm_image_hotspots_wrap\"  data-dsm-tooltip-animation=\"fade\" data-dsm-hotspot=\"dsm_image_hotspots_0\" data-tippy-delay=\"[50, 50]\" data-tippy-trigger=\"mouseenter\"><div class=\"dsm_image_hotspots_img_wrap\"><img decoding=\"async\" src=\"https:\/\/panmilar.ch\/wp-content\/uploads\/2023\/06\/carte-vaud-panmilar.svg\" alt=\"\" title=\"carte-vaud-panmilar\" \/><\/div><\/div>\n\t\t\t\n\t\t\t\t<\/div>\n\t\t\t<\/div><div class=\"et_pb_with_border dsm_image_hotspots_child dsm_image_hotspots_child_0\">\n\t\t\t\t\n\t\t\t\t\n\t\t\t\t\n\t\t\t\t\n\t\t\t\t<div class=\"dsm_image_hotspots_wrapper\" data-tippy-arrow=\"true\" data-tippy-placement=\"top\" data-slug=\"dsm_image_hotspots_child_0\"><span class=\"dsm_image_hotspots_icon et-pb-icon\"><span>\uf111<\/span><\/span><\/div><div class=\"dsm_image_hotspot_tooltip et_pb_bg_layout_dark\"><div class=\"dsm_image_tooltip_content\">Yverdon Avenue des Bains 12, 1400 Yverdon-les-Bains<\/div><\/div>\n\t\t\t<\/div><div class=\"et_pb_with_border dsm_image_hotspots_child dsm_image_hotspots_child_1\">\n\t\t\t\t\n\t\t\t\t\n\t\t\t\t\n\t\t\t\t\n\t\t\t\t<div class=\"dsm_image_hotspots_wrapper\" data-tippy-arrow=\"true\" data-tippy-placement=\"top\" data-slug=\"dsm_image_hotspots_child_1\"><span class=\"dsm_image_hotspots_icon et-pb-icon\"><span>\uf111<\/span><\/span><\/div><div class=\"dsm_image_hotspot_tooltip et_pb_bg_layout_dark\"><div class=\"dsm_image_tooltip_content\">Payerne Rue du Chemin Neuf 12, 1530 Payerne<\/div><\/div>\n\t\t\t<\/div><div class=\"et_pb_with_border dsm_image_hotspots_child dsm_image_hotspots_child_2\">\n\t\t\t\t\n\t\t\t\t\n\t\t\t\t\n\t\t\t\t\n\t\t\t\t<div class=\"dsm_image_hotspots_wrapper\" data-tippy-arrow=\"true\" data-tippy-placement=\"top\" data-slug=\"dsm_image_hotspots_child_2\"><span class=\"dsm_image_hotspots_icon et-pb-icon\"><span>\uf111<\/span><\/span><\/div><div class=\"dsm_image_hotspot_tooltip et_pb_bg_layout_dark\"><\/div>\n\t\t\t<\/div>Lausanne [&hellip;]<\/p>\n","protected":false},"author":1,"featured_media":0,"parent":0,"menu_order":0,"comment_status":"closed","ping_status":"closed","template":"","meta":{"_seopress_robots_primary_cat":"","_seopress_titles_title":"","_seopress_titles_desc":"","_seopress_robots_index":"","_et_pb_use_builder":"on","_et_pb_old_content":"","_et_gb_content_width":"","footnotes":""},"class_list":["post-2399","page","type-page","status-publish","hentry"],"_links":{"self":[{"href":"https:\/\/panmilar.ch\/es\/wp-json\/wp\/v2\/pages\/2399","targetHints":{"allow":["GET"]}}],"collection":[{"href":"https:\/\/panmilar.ch\/es\/wp-json\/wp\/v2\/pages"}],"about":[{"href":"https:\/\/panmilar.ch\/es\/wp-json\/wp\/v2\/types\/page"}],"author":[{"embeddable":true,"href":"https:\/\/panmilar.ch\/es\/wp-json\/wp\/v2\/users\/1"}],"replies":[{"embeddable":true,"href":"https:\/\/panmilar.ch\/es\/wp-json\/wp\/v2\/comments?post=2399"}],"version-history":[{"count":9,"href":"https:\/\/panmilar.ch\/es\/wp-json\/wp\/v2\/pages\/2399\/revisions"}],"predecessor-version":[{"id":11535,"href":"https:\/\/panmilar.ch\/es\/wp-json\/wp\/v2\/pages\/2399\/revisions\/11535"}],"wp:attachment":[{"href":"https:\/\/panmilar.ch\/es\/wp-json\/wp\/v2\/media?parent=2399"}],"curies":[{"name":"wp","href":"https:\/\/api.w.org\/{rel}","templated":true}]}}