{"id":4776,"date":"2023-11-29T12:27:17","date_gmt":"2023-11-29T10:27:17","guid":{"rendered":"https:\/\/panmilar.ch\/notice-sur-les-cookies\/"},"modified":"2023-11-29T12:36:58","modified_gmt":"2023-11-29T10:36:58","slug":"notice-sur-les-cookies","status":"publish","type":"page","link":"https:\/\/panmilar.ch\/ar\/notice-sur-les-cookies\/","title":{"rendered":"Notice sur les cookies"},"content":{"rendered":"<p>[et_pb_section fb_built=&#8221;1&#8243; _builder_version=&#8221;4.23&#8243; _module_preset=&#8221;default&#8221; global_colors_info=&#8221;{}&#8221; theme_builder_area=&#8221;post_content&#8221; da_is_popup=&#8221;off&#8221; da_exit_intent=&#8221;off&#8221; da_has_close=&#8221;on&#8221; da_alt_close=&#8221;off&#8221; da_dark_close=&#8221;off&#8221; da_not_modal=&#8221;on&#8221; da_is_singular=&#8221;off&#8221; da_with_loader=&#8221;off&#8221; da_has_shadow=&#8221;on&#8221; da_disable_devices=&#8221;off|off|off&#8221;][et_pb_row _builder_version=&#8221;4.23&#8243; _module_preset=&#8221;default&#8221; global_colors_info=&#8221;{}&#8221; theme_builder_area=&#8221;post_content&#8221;][et_pb_column type=&#8221;4_4&#8243; _builder_version=&#8221;4.23&#8243; _module_preset=&#8221;default&#8221; global_colors_info=&#8221;{}&#8221; theme_builder_area=&#8221;post_content&#8221;][et_pb_text _builder_version=&#8221;4.23&#8243; _module_preset=&#8221;default&#8221; header_font=&#8221;|||on|||||&#8221; custom_padding=&#8221;0px|||||&#8221; global_colors_info=&#8221;{}&#8221; theme_builder_area=&#8221;post_content&#8221;]<\/p>\n<h1>Notice sur les cookies \ud83c\udf6a<\/h1>\n<p>[\/et_pb_text][et_pb_text _builder_version=&#8221;4.23&#8243; _module_preset=&#8221;default&#8221; text_font=&#8221;||||||||&#8221; custom_margin=&#8221;||73px|||&#8221; global_colors_info=&#8221;{}&#8221; theme_builder_area=&#8221;post_content&#8221;]<\/p>\n<h4>Que sont les cookies ?<\/h4>\n<p>Les cookies sont des petits fichiers textes qui sont plac\u00e9s sur votre ordinateur par les sites web que vous visitez, afin que des informations sur votre navigation sur notre site web puissent \u00eatre collect\u00e9es.<\/p>\n<p>Nous utilisons le terme \u201ccookie\u201d pour d\u00e9signer toute technologie qui collecte des informations \u00e0 partir de votre appareil, en particulier sur l\u2019utilisation de notre site web, l\u2019identification de l\u2019appareil, l\u2019adresse IP et le type de navigateur, les donn\u00e9es d\u00e9mographiques ou l\u2019URL de la page d\u2019o\u00f9 vous provenez.<\/p>\n<p>Nous utilisons \u00e9galement des balises web et pixels pour nous permettre de compter les visiteurs qui ont vu nos pages ou de lire nos messages promotionnels. Ils ne sont pas utilis\u00e9s pour acc\u00e9der \u00e0 vos donn\u00e9es personnelles sans votre consentement.<\/p>\n<h3>Pourquoi utilisons-nous des cookies ?<\/h3>\n<p>Nous utilisons des cookies aux fins principales suivantes :<\/p>\n<ul>\n<li><strong>les cookies strictement n\u00e9cessaires<\/strong> (\u00ab mandatory cookies \u00bb) sont li\u00e9s au bon fonctionnement du site web, y compris le param\u00e9trage des pr\u00e9f\u00e9rences de confidentialit\u00e9 et la conservation des informations du panier jusqu\u2019au paiement,<\/li>\n<li><strong>les cookies de performance<\/strong> (\u00ab audience measurement \u00bb) sont mis en place pour nous permettre de mesurer le nombre de visites et de cartographier les mouvements des utilisateurs sur le site web, afin d\u2019optimiser l\u2019exp\u00e9rience de l\u2019utilisateur \u2013 il s\u2019agit notamment de la fa\u00e7on dont vous avez acc\u00e9d\u00e9 au site web, des pages que vous visitez, du temps que vous y passez et ce sur quoi vous cliquez,<\/li>\n<li><strong>les cookies de marketing<\/strong> (\u00ab advertising network \u00bb) permettent de suivre l\u2019utilisateur sur plusieurs sites web et de cr\u00e9er des profils d\u2019utilisateurs \u00e0 des fins de publicit\u00e9 personnalis\u00e9e et cibl\u00e9e et \u00e0 d\u2019autres fins de marketing.<\/li>\n<\/ul>\n<h3>Dois-je accepter les cookies ?<\/h3>\n<p>Les cookies strictement n\u00e9cessaires sont automatiquement plac\u00e9s lorsque vous visitez le site web et ne peuvent \u00eatre d\u00e9sactiv\u00e9s sans perte de fonctionnalit\u00e9 du site web. Vous pouvez configurer votre navigateur pour qu\u2019il bloque ces cookies, mais cela pourrait emp\u00eacher certaines parties du site de fonctionner proprement. Ces cookies ne stockent pas d\u2019informations permettant de vous identifier personnellement.<br \/>Vous pouvez choisir d\u2019accepter ou de refuser les cookies de performance ou les cookies marketing en visitant le centre de pr\u00e9f\u00e9rences \u00ab cookies management panel \u00bb.<\/p>\n<p>Veuillez noter que vous pouvez retirer ou donner votre consentement \u00e0 tout moment en visitant le centre de pr\u00e9f\u00e9rences(\u00ab cookies management panel \u00bb). Vous pouvez \u00e9galement personnaliser vos param\u00e8tres de cookies en utilisant votre navigateur web.<\/p>\n<p>Notre site web utilise Google Analytics et d\u2019autres outils propos\u00e9s dans la suite de plugins de Google, tels que reCaptcha, ainsi que des balises web, pixels et APIs. Veuillez noter qu\u2019en acceptant ces cookies, vous acceptez que vos donn\u00e9es personnelles soient transf\u00e9r\u00e9es aux \u00c9tats-Unis. Il vous est toutefois possible de les refuser en utilisant notre centre de pr\u00e9f\u00e9rence.<\/p>\n<p>Lorsque vous visitez le site web, vous pouvez \u00eatre dirig\u00e9 vers d\u2019autres sites web. Ces sites web tiers peuvent placer leurs propres cookies. Nous n\u2019avons aucun contr\u00f4le sur le placement de cookies par des sites web tiers, m\u00eame si vous y avez acc\u00e9d\u00e9 depuis notre site web.<\/p>\n<p>Association Panmilar \u2013 novembre 2023<\/p>\n<p>[\/et_pb_text][\/et_pb_column][\/et_pb_row][\/et_pb_section]<\/p>\n","protected":false},"excerpt":{"rendered":"<p>Notice sur les cookies \ud83c\udf6aQue sont les cookies ? Les cookies sont des petits fichiers textes qui sont plac\u00e9s sur votre ordinateur par les sites web que vous visitez, afin que des informations sur votre navigation sur notre site web puissent \u00eatre collect\u00e9es. Nous utilisons le terme \u201ccookie\u201d pour d\u00e9signer toute technologie qui collecte des informations \u00e0 partir de votre appareil, en particulier sur l\u2019utilisation de notre site web, l\u2019identification de l\u2019appareil, l\u2019adresse IP et le type de navigateur, les donn\u00e9es d\u00e9mographiques ou l\u2019URL de la page d\u2019o\u00f9 vous provenez. Nous utilisons \u00e9galement des balises web et pixels pour nous permettre de compter les visiteurs qui ont vu nos pages ou de lire nos messages promotionnels. Ils ne sont pas utilis\u00e9s pour acc\u00e9der \u00e0 vos donn\u00e9es personnelles sans votre consentement. Pourquoi utilisons-nous des cookies ? Nous utilisons des cookies aux fins principales suivantes : les cookies strictement n\u00e9cessaires (\u00ab mandatory cookies \u00bb) sont li\u00e9s au bon fonctionnement du site web, y compris le param\u00e9trage des pr\u00e9f\u00e9rences de confidentialit\u00e9 et la conservation des informations du panier jusqu\u2019au paiement, les cookies de performance (\u00ab audience measurement \u00bb) sont mis en place pour nous permettre de mesurer le nombre de visites et de [&hellip;]<\/p>\n","protected":false},"author":1,"featured_media":0,"parent":0,"menu_order":0,"comment_status":"closed","ping_status":"closed","template":"","meta":{"_seopress_robots_primary_cat":"","_seopress_titles_title":"","_seopress_titles_desc":"","_seopress_robots_index":"","_et_pb_use_builder":"on","_et_pb_old_content":"","_et_gb_content_width":"","footnotes":""},"class_list":["post-4776","page","type-page","status-publish","hentry"],"_links":{"self":[{"href":"https:\/\/panmilar.ch\/ar\/wp-json\/wp\/v2\/pages\/4776","targetHints":{"allow":["GET"]}}],"collection":[{"href":"https:\/\/panmilar.ch\/ar\/wp-json\/wp\/v2\/pages"}],"about":[{"href":"https:\/\/panmilar.ch\/ar\/wp-json\/wp\/v2\/types\/page"}],"author":[{"embeddable":true,"href":"https:\/\/panmilar.ch\/ar\/wp-json\/wp\/v2\/users\/1"}],"replies":[{"embeddable":true,"href":"https:\/\/panmilar.ch\/ar\/wp-json\/wp\/v2\/comments?post=4776"}],"version-history":[{"count":0,"href":"https:\/\/panmilar.ch\/ar\/wp-json\/wp\/v2\/pages\/4776\/revisions"}],"wp:attachment":[{"href":"https:\/\/panmilar.ch\/ar\/wp-json\/wp\/v2\/media?parent=4776"}],"curies":[{"name":"wp","href":"https:\/\/api.w.org\/{rel}","templated":true}]}}